{"id":3968,"date":"2024-01-03T19:14:32","date_gmt":"2024-01-03T19:14:32","guid":{"rendered":"https:\/\/altostratus.ca\/management-sales-acquisitions\/"},"modified":"2025-11-03T17:46:20","modified_gmt":"2025-11-03T17:46:20","slug":"management-sales-acquisitions","status":"publish","type":"page","link":"https:\/\/altostratus.ca\/en\/management-sales-acquisitions\/","title":{"rendered":"Management, Sales and Acquisitions"},"content":{"rendered":"\t\t<div data-elementor-type=\"wp-post\" data-elementor-id=\"3968\" class=\"elementor elementor-3968 elementor-3882\" data-elementor-post-type=\"page\">\n\t\t\t\t\t\t<section class=\"elementor-section elementor-top-section elementor-element elementor-element-58a00b9 elementor-section-full_width elementor-section-height-default elementor-section-height-default\" data-id=\"58a00b9\" data-element_type=\"section\" data-e-type=\"section\" data-settings=\"{&quot;background_background&quot;:&quot;classic&quot;,&quot;background_motion_fx_motion_fx_scrolling&quot;:&quot;yes&quot;,&quot;background_motion_fx_translateY_effect&quot;:&quot;yes&quot;,&quot;background_motion_fx_translateY_speed&quot;:{&quot;unit&quot;:&quot;px&quot;,&quot;size&quot;:4,&quot;sizes&quot;:[]},&quot;background_motion_fx_translateY_affectedRange&quot;:{&quot;unit&quot;:&quot;%&quot;,&quot;size&quot;:&quot;&quot;,&quot;sizes&quot;:{&quot;start&quot;:0,&quot;end&quot;:100}},&quot;background_motion_fx_devices&quot;:[&quot;desktop&quot;,&quot;tablet&quot;,&quot;mobile&quot;]}\">\n\t\t\t\t\t\t<div class=\"elementor-container elementor-column-gap-no\">\n\t\t\t\t\t<div class=\"elementor-column elementor-col-100 elementor-top-column elementor-element elementor-element-62a88e9\" data-id=\"62a88e9\" data-element_type=\"column\" data-e-type=\"column\">\n\t\t\t<div class=\"elementor-widget-wrap elementor-element-populated\">\n\t\t\t\t\t\t<div class=\"elementor-element elementor-element-e72298a elementor-widget elementor-widget-spacer\" data-id=\"e72298a\" data-element_type=\"widget\" data-e-type=\"widget\" data-widget_type=\"spacer.default\">\n\t\t\t\t<div class=\"elementor-widget-container\">\n\t\t\t\t\t\t\t<div class=\"elementor-spacer\">\n\t\t\t<div class=\"elementor-spacer-inner\"><\/div>\n\t\t<\/div>\n\t\t\t\t\t\t<\/div>\n\t\t\t\t<\/div>\n\t\t\t\t\t<\/div>\n\t\t<\/div>\n\t\t\t\t\t<\/div>\n\t\t<\/section>\n\t\t\t\t<section class=\"elementor-section elementor-top-section elementor-element elementor-element-c1983c2 elementor-section-full_width elementor-section-height-default elementor-section-height-default\" data-id=\"c1983c2\" data-element_type=\"section\" data-e-type=\"section\">\n\t\t\t\t\t\t<div class=\"elementor-container elementor-column-gap-default\">\n\t\t\t\t\t<div class=\"elementor-column elementor-col-100 elementor-top-column elementor-element elementor-element-8bda56b elementor-invisible\" data-id=\"8bda56b\" data-element_type=\"column\" data-e-type=\"column\" data-settings=\"{&quot;animation&quot;:&quot;fadeIn&quot;}\">\n\t\t\t<div class=\"elementor-widget-wrap elementor-element-populated\">\n\t\t\t\t\t\t<div class=\"elementor-element elementor-element-07fcba9 elementor-widget elementor-widget-heading\" data-id=\"07fcba9\" data-element_type=\"widget\" data-e-type=\"widget\" data-widget_type=\"heading.default\">\n\t\t\t\t<div class=\"elementor-widget-container\">\n\t\t\t\t\t<h1 class=\"elementor-heading-title elementor-size-default\">Your complete solution for managing, buying &amp; selling aircraft<\/h1>\t\t\t\t<\/div>\n\t\t\t\t<\/div>\n\t\t\t\t<div class=\"elementor-element elementor-element-18b3cd5 elementor-widget elementor-widget-text-editor\" data-id=\"18b3cd5\" data-element_type=\"widget\" data-e-type=\"widget\" data-widget_type=\"text-editor.default\">\n\t\t\t\t<div class=\"elementor-widget-container\">\n\t\t\t\t\t\t\t\t\t<h2><span class=\"OYPEnA text-decoration-none text-strikethrough-none\">Would you like to buy your own aircraft, entrust its management to a trusted company or sell it? We have a solution for you.<\/span><\/h2><p class=\"cvGsUA direction-ltr align-start para-style-body\"><span class=\"OYPEnA text-decoration-none text-strikethrough-none\">A business aircraft is supposed to simplify your life, yet it requires constant management and a high level of expertise, whether you&#8217;re buying, operating or selling it.<\/span><\/p><p class=\"cvGsUA direction-ltr align-start para-style-body\"><span class=\"OYPEnA text-decoration-none text-strikethrough-none\">Our team is here to listen to your needs and adapt to your project, addressing any issues that may stand in your way. Let our experience be your guide.<\/span><\/p><p class=\"cvGsUA direction-ltr align-start para-style-body\"> <\/p>\t\t\t\t\t\t\t\t<\/div>\n\t\t\t\t<\/div>\n\t\t\t\t\t<\/div>\n\t\t<\/div>\n\t\t\t\t\t<\/div>\n\t\t<\/section>\n\t\t\t\t<section class=\"elementor-section elementor-top-section elementor-element elementor-element-a75b123 elementor-section-boxed elementor-section-height-default elementor-section-height-default\" data-id=\"a75b123\" data-element_type=\"section\" data-e-type=\"section\" data-settings=\"{&quot;background_background&quot;:&quot;classic&quot;}\">\n\t\t\t\t\t\t<div class=\"elementor-container elementor-column-gap-default\">\n\t\t\t\t\t<div class=\"elementor-column elementor-col-50 elementor-top-column elementor-element elementor-element-0dd08a6\" data-id=\"0dd08a6\" data-element_type=\"column\" data-e-type=\"column\">\n\t\t\t<div class=\"elementor-widget-wrap elementor-element-populated\">\n\t\t\t\t\t\t<div class=\"elementor-element elementor-element-654ece2 elementor-widget elementor-widget-image\" data-id=\"654ece2\" data-element_type=\"widget\" data-e-type=\"widget\" data-widget_type=\"image.default\">\n\t\t\t\t<div class=\"elementor-widget-container\">\n\t\t\t\t\t\t\t\t\t\t\t\t\t\t\t<img loading=\"lazy\" decoding=\"async\" width=\"800\" height=\"534\" src=\"https:\/\/altostratus.ca\/wp-content\/uploads\/2023\/12\/DSC_6811-1024x683.jpg\" class=\"attachment-large size-large wp-image-3557\" alt=\"\" srcset=\"https:\/\/altostratus.ca\/wp-content\/uploads\/2023\/12\/DSC_6811-1024x683.jpg 1024w, https:\/\/altostratus.ca\/wp-content\/uploads\/2023\/12\/DSC_6811-300x200.jpg 300w, https:\/\/altostratus.ca\/wp-content\/uploads\/2023\/12\/DSC_6811-768x512.jpg 768w, https:\/\/altostratus.ca\/wp-content\/uploads\/2023\/12\/DSC_6811-1536x1024.jpg 1536w, https:\/\/altostratus.ca\/wp-content\/uploads\/2023\/12\/DSC_6811-2048x1365.jpg 2048w\" sizes=\"auto, (max-width: 800px) 100vw, 800px\" \/>\t\t\t\t\t\t\t\t\t\t\t\t\t\t\t<\/div>\n\t\t\t\t<\/div>\n\t\t\t\t<div class=\"elementor-element elementor-element-aa31142 elementor-widget elementor-widget-text-editor\" data-id=\"aa31142\" data-element_type=\"widget\" data-e-type=\"widget\" data-widget_type=\"text-editor.default\">\n\t\t\t\t<div class=\"elementor-widget-container\">\n\t\t\t\t\t\t\t\t\t<h4><b>AIRCRAFT MANAGEMENT<\/b><\/h4>\n<p><span class=\"OYPEnA text-decoration-none text-strikethrough-none\">Maintenance follow-up, flight crew training, aircraft storage, documentation management, insurance contract negotiation, flight coordination and operation&#8230; Enjoy hassle-free aircraft ownership with our management service.&nbsp;<\/span><\/p>\t\t\t\t\t\t\t\t<\/div>\n\t\t\t\t<\/div>\n\t\t\t\t\t<\/div>\n\t\t<\/div>\n\t\t\t\t<div class=\"elementor-column elementor-col-50 elementor-top-column elementor-element elementor-element-95e7fbc\" data-id=\"95e7fbc\" data-element_type=\"column\" data-e-type=\"column\">\n\t\t\t<div class=\"elementor-widget-wrap elementor-element-populated\">\n\t\t\t\t\t\t<div class=\"elementor-element elementor-element-854ec3b elementor-widget elementor-widget-image\" data-id=\"854ec3b\" data-element_type=\"widget\" data-e-type=\"widget\" data-widget_type=\"image.default\">\n\t\t\t\t<div class=\"elementor-widget-container\">\n\t\t\t\t\t\t\t\t\t\t\t\t\t\t\t<img loading=\"lazy\" decoding=\"async\" width=\"800\" height=\"534\" src=\"https:\/\/altostratus.ca\/wp-content\/uploads\/2023\/12\/Photo-Pierre-5-1024x683.jpeg\" class=\"attachment-large size-large wp-image-3886\" alt=\"\" srcset=\"https:\/\/altostratus.ca\/wp-content\/uploads\/2023\/12\/Photo-Pierre-5-1024x683.jpeg 1024w, https:\/\/altostratus.ca\/wp-content\/uploads\/2023\/12\/Photo-Pierre-5-300x200.jpeg 300w, https:\/\/altostratus.ca\/wp-content\/uploads\/2023\/12\/Photo-Pierre-5-768x512.jpeg 768w, https:\/\/altostratus.ca\/wp-content\/uploads\/2023\/12\/Photo-Pierre-5-1536x1024.jpeg 1536w, https:\/\/altostratus.ca\/wp-content\/uploads\/2023\/12\/Photo-Pierre-5-2048x1365.jpeg 2048w\" sizes=\"auto, (max-width: 800px) 100vw, 800px\" \/>\t\t\t\t\t\t\t\t\t\t\t\t\t\t\t<\/div>\n\t\t\t\t<\/div>\n\t\t\t\t<div class=\"elementor-element elementor-element-895d94a elementor-widget elementor-widget-text-editor\" data-id=\"895d94a\" data-element_type=\"widget\" data-e-type=\"widget\" data-widget_type=\"text-editor.default\">\n\t\t\t\t<div class=\"elementor-widget-container\">\n\t\t\t\t\t\t\t\t\t<h4><strong>CONSULTING SERVICES<\/strong><\/h4><ul><li class=\"pageContent__heading state-pre-animated-multi-item state-pre-animated-multi-item--a state-animated\"><span style=\"text-decoration: underline;\">Buying :<\/span> Take advantage of our market knowledge and our team of experts to listen to your needs and guide you towards the aircraft that best suits your budget, your operations and your destinations. From simple advice to complete support right through to delivery of your aircraft, we have a solution for you.<br><br><\/li><\/ul><ul><li><span style=\"text-decoration: underline;\">Selling :<\/span> The aeronautics industry is a small world, yet navigating it and selling your aircraft with the right information can sometimes be a headache. Thanks to our extensive network, let us connect you with the right buyer for the right price.<\/li><\/ul>\t\t\t\t\t\t\t\t<\/div>\n\t\t\t\t<\/div>\n\t\t\t\t\t<\/div>\n\t\t<\/div>\n\t\t\t\t\t<\/div>\n\t\t<\/section>\n\t\t\t\t<section class=\"elementor-section elementor-top-section elementor-element elementor-element-450f949 elementor-section-boxed elementor-section-height-default elementor-section-height-default\" data-id=\"450f949\" data-element_type=\"section\" data-e-type=\"section\">\n\t\t\t\t\t\t<div class=\"elementor-container elementor-column-gap-default\">\n\t\t\t\t\t<div class=\"elementor-column elementor-col-100 elementor-top-column elementor-element elementor-element-9f9bc67 elementor-invisible\" data-id=\"9f9bc67\" data-element_type=\"column\" data-e-type=\"column\" data-settings=\"{&quot;animation&quot;:&quot;fadeIn&quot;}\">\n\t\t\t<div class=\"elementor-widget-wrap\">\n\t\t\t\t\t\t\t<\/div>\n\t\t<\/div>\n\t\t\t\t\t<\/div>\n\t\t<\/section>\n\t\t\t\t<\/div>\n\t\t","protected":false},"excerpt":{"rendered":"<p>Your complete solution for managing, buying &amp; selling aircraft Would you like to buy your own aircraft, entrust its management to a trusted company or sell it? We have a solution for you. A business aircraft is supposed to simplify your life, yet it requires constant management and a high level of expertise, whether you&#8217;re [&hellip;]<\/p>\n","protected":false},"author":1,"featured_media":2681,"parent":0,"menu_order":0,"comment_status":"closed","ping_status":"closed","template":"","meta":{"footnotes":""},"class_list":["post-3968","page","type-page","status-publish","has-post-thumbnail","hentry"],"yoast_head":"<!-- This site is optimized with the Yoast SEO plugin v26.2 - https:\/\/yoast.com\/wordpress\/plugins\/seo\/ -->\n<title>Management, Sales and Acquisitions - AltoStrat&#039;Us: Programme de Propri\u00e9t\u00e9 Fractionn\u00e9e Pilatus PC-12<\/title>\n<meta name=\"robots\" content=\"index, follow, max-snippet:-1, max-image-preview:large, max-video-preview:-1\" \/>\n<link rel=\"canonical\" href=\"https:\/\/altostratus.ca\/en\/management-sales-acquisitions\/\" \/>\n<meta property=\"og:locale\" content=\"en_US\" \/>\n<meta property=\"og:type\" content=\"article\" \/>\n<meta property=\"og:title\" content=\"Management, Sales and Acquisitions - AltoStrat&#039;Us: Programme de Propri\u00e9t\u00e9 Fractionn\u00e9e Pilatus PC-12\" \/>\n<meta property=\"og:description\" content=\"Your complete solution for managing, buying &amp; selling aircraft Would you like to buy your own aircraft, entrust its management to a trusted company or sell it? We have a solution for you. A business aircraft is supposed to simplify your life, yet it requires constant management and a high level of expertise, whether you&#8217;re [&hellip;]\" \/>\n<meta property=\"og:url\" content=\"https:\/\/altostratus.ca\/en\/management-sales-acquisitions\/\" \/>\n<meta property=\"og:site_name\" content=\"AltoStrat&#039;Us: Programme de Propri\u00e9t\u00e9 Fractionn\u00e9e Pilatus PC-12\" \/>\n<meta property=\"article:modified_time\" content=\"2025-11-03T17:46:20+00:00\" \/>\n<meta property=\"og:image\" content=\"https:\/\/altostratus.ca\/wp-content\/uploads\/2023\/10\/Pilatus-pc-12-flying-over-cloud-background-1024x576.png\" \/>\n\t<meta property=\"og:image:width\" content=\"1024\" \/>\n\t<meta property=\"og:image:height\" content=\"576\" \/>\n\t<meta property=\"og:image:type\" content=\"image\/png\" \/>\n<meta name=\"twitter:card\" content=\"summary_large_image\" \/>\n<meta name=\"twitter:label1\" content=\"Est. reading time\" \/>\n\t<meta name=\"twitter:data1\" content=\"4 minutes\" \/>\n<script type=\"application\/ld+json\" class=\"yoast-schema-graph\">{\"@context\":\"https:\/\/schema.org\",\"@graph\":[{\"@type\":\"WebPage\",\"@id\":\"https:\/\/altostratus.ca\/en\/management-sales-acquisitions\/\",\"url\":\"https:\/\/altostratus.ca\/en\/management-sales-acquisitions\/\",\"name\":\"Management, Sales and Acquisitions - AltoStrat&#039;Us: Programme de Propri\u00e9t\u00e9 Fractionn\u00e9e Pilatus PC-12\",\"isPartOf\":{\"@id\":\"https:\/\/altostratus.ca\/en\/#website\"},\"primaryImageOfPage\":{\"@id\":\"https:\/\/altostratus.ca\/en\/management-sales-acquisitions\/#primaryimage\"},\"image\":{\"@id\":\"https:\/\/altostratus.ca\/en\/management-sales-acquisitions\/#primaryimage\"},\"thumbnailUrl\":\"https:\/\/altostratus.ca\/wp-content\/uploads\/2023\/10\/Pilatus-pc-12-flying-over-cloud-background.png\",\"datePublished\":\"2024-01-03T19:14:32+00:00\",\"dateModified\":\"2025-11-03T17:46:20+00:00\",\"breadcrumb\":{\"@id\":\"https:\/\/altostratus.ca\/en\/management-sales-acquisitions\/#breadcrumb\"},\"inLanguage\":\"en-US\",\"potentialAction\":[{\"@type\":\"ReadAction\",\"target\":[\"https:\/\/altostratus.ca\/en\/management-sales-acquisitions\/\"]}]},{\"@type\":\"ImageObject\",\"inLanguage\":\"en-US\",\"@id\":\"https:\/\/altostratus.ca\/en\/management-sales-acquisitions\/#primaryimage\",\"url\":\"https:\/\/altostratus.ca\/wp-content\/uploads\/2023\/10\/Pilatus-pc-12-flying-over-cloud-background.png\",\"contentUrl\":\"https:\/\/altostratus.ca\/wp-content\/uploads\/2023\/10\/Pilatus-pc-12-flying-over-cloud-background.png\",\"width\":3840,\"height\":2160},{\"@type\":\"BreadcrumbList\",\"@id\":\"https:\/\/altostratus.ca\/en\/management-sales-acquisitions\/#breadcrumb\",\"itemListElement\":[{\"@type\":\"ListItem\",\"position\":1,\"name\":\"Home\",\"item\":\"https:\/\/altostratus.ca\/en\/\"},{\"@type\":\"ListItem\",\"position\":2,\"name\":\"Management, Sales and Acquisitions\"}]},{\"@type\":\"WebSite\",\"@id\":\"https:\/\/altostratus.ca\/en\/#website\",\"url\":\"https:\/\/altostratus.ca\/en\/\",\"name\":\"AltoStrat'us: Programme de Propri\u00e9t\u00e9 Fractionn\u00e9e Pilatus PC-12,\",\"description\":\"Programme de Propri\u00e9t\u00e9 Fractionn\u00e9e Pilatus PC-12, Services d&#039;avion d&#039;affaires s\u00fbrs, flexible et fiables.\",\"publisher\":{\"@id\":\"https:\/\/altostratus.ca\/en\/#organization\"},\"potentialAction\":[{\"@type\":\"SearchAction\",\"target\":{\"@type\":\"EntryPoint\",\"urlTemplate\":\"https:\/\/altostratus.ca\/en\/?s={search_term_string}\"},\"query-input\":{\"@type\":\"PropertyValueSpecification\",\"valueRequired\":true,\"valueName\":\"search_term_string\"}}],\"inLanguage\":\"en-US\"},{\"@type\":\"Organization\",\"@id\":\"https:\/\/altostratus.ca\/en\/#organization\",\"name\":\"AltoStrat'us\",\"url\":\"https:\/\/altostratus.ca\/en\/\",\"logo\":{\"@type\":\"ImageObject\",\"inLanguage\":\"en-US\",\"@id\":\"https:\/\/altostratus.ca\/en\/#\/schema\/logo\/image\/\",\"url\":\"https:\/\/altostratus.ca\/wp-content\/uploads\/2023\/07\/hori_altostratus_couleurs.png\",\"contentUrl\":\"https:\/\/altostratus.ca\/wp-content\/uploads\/2023\/07\/hori_altostratus_couleurs.png\",\"width\":1440,\"height\":428,\"caption\":\"AltoStrat'us\"},\"image\":{\"@id\":\"https:\/\/altostratus.ca\/en\/#\/schema\/logo\/image\/\"},\"sameAs\":[\"https:\/\/www.linkedin.com\/company\/altostrat-us\/\"]}]}<\/script>\n<!-- \/ Yoast SEO plugin. -->","yoast_head_json":{"title":"Management, Sales and Acquisitions - AltoStrat&#039;Us: Programme de Propri\u00e9t\u00e9 Fractionn\u00e9e Pilatus PC-12","robots":{"index":"index","follow":"follow","max-snippet":"max-snippet:-1","max-image-preview":"max-image-preview:large","max-video-preview":"max-video-preview:-1"},"canonical":"https:\/\/altostratus.ca\/en\/management-sales-acquisitions\/","og_locale":"en_US","og_type":"article","og_title":"Management, Sales and Acquisitions - AltoStrat&#039;Us: Programme de Propri\u00e9t\u00e9 Fractionn\u00e9e Pilatus PC-12","og_description":"Your complete solution for managing, buying &amp; selling aircraft Would you like to buy your own aircraft, entrust its management to a trusted company or sell it? We have a solution for you. A business aircraft is supposed to simplify your life, yet it requires constant management and a high level of expertise, whether you&#8217;re [&hellip;]","og_url":"https:\/\/altostratus.ca\/en\/management-sales-acquisitions\/","og_site_name":"AltoStrat&#039;Us: Programme de Propri\u00e9t\u00e9 Fractionn\u00e9e Pilatus PC-12","article_modified_time":"2025-11-03T17:46:20+00:00","og_image":[{"width":1024,"height":576,"url":"https:\/\/altostratus.ca\/wp-content\/uploads\/2023\/10\/Pilatus-pc-12-flying-over-cloud-background-1024x576.png","type":"image\/png"}],"twitter_card":"summary_large_image","twitter_misc":{"Est. reading time":"4 minutes"},"schema":{"@context":"https:\/\/schema.org","@graph":[{"@type":"WebPage","@id":"https:\/\/altostratus.ca\/en\/management-sales-acquisitions\/","url":"https:\/\/altostratus.ca\/en\/management-sales-acquisitions\/","name":"Management, Sales and Acquisitions - AltoStrat&#039;Us: Programme de Propri\u00e9t\u00e9 Fractionn\u00e9e Pilatus PC-12","isPartOf":{"@id":"https:\/\/altostratus.ca\/en\/#website"},"primaryImageOfPage":{"@id":"https:\/\/altostratus.ca\/en\/management-sales-acquisitions\/#primaryimage"},"image":{"@id":"https:\/\/altostratus.ca\/en\/management-sales-acquisitions\/#primaryimage"},"thumbnailUrl":"https:\/\/altostratus.ca\/wp-content\/uploads\/2023\/10\/Pilatus-pc-12-flying-over-cloud-background.png","datePublished":"2024-01-03T19:14:32+00:00","dateModified":"2025-11-03T17:46:20+00:00","breadcrumb":{"@id":"https:\/\/altostratus.ca\/en\/management-sales-acquisitions\/#breadcrumb"},"inLanguage":"en-US","potentialAction":[{"@type":"ReadAction","target":["https:\/\/altostratus.ca\/en\/management-sales-acquisitions\/"]}]},{"@type":"ImageObject","inLanguage":"en-US","@id":"https:\/\/altostratus.ca\/en\/management-sales-acquisitions\/#primaryimage","url":"https:\/\/altostratus.ca\/wp-content\/uploads\/2023\/10\/Pilatus-pc-12-flying-over-cloud-background.png","contentUrl":"https:\/\/altostratus.ca\/wp-content\/uploads\/2023\/10\/Pilatus-pc-12-flying-over-cloud-background.png","width":3840,"height":2160},{"@type":"BreadcrumbList","@id":"https:\/\/altostratus.ca\/en\/management-sales-acquisitions\/#breadcrumb","itemListElement":[{"@type":"ListItem","position":1,"name":"Home","item":"https:\/\/altostratus.ca\/en\/"},{"@type":"ListItem","position":2,"name":"Management, Sales and Acquisitions"}]},{"@type":"WebSite","@id":"https:\/\/altostratus.ca\/en\/#website","url":"https:\/\/altostratus.ca\/en\/","name":"AltoStrat'us: Programme de Propri\u00e9t\u00e9 Fractionn\u00e9e Pilatus PC-12,","description":"Programme de Propri\u00e9t\u00e9 Fractionn\u00e9e Pilatus PC-12, Services d&#039;avion d&#039;affaires s\u00fbrs, flexible et fiables.","publisher":{"@id":"https:\/\/altostratus.ca\/en\/#organization"},"potentialAction":[{"@type":"SearchAction","target":{"@type":"EntryPoint","urlTemplate":"https:\/\/altostratus.ca\/en\/?s={search_term_string}"},"query-input":{"@type":"PropertyValueSpecification","valueRequired":true,"valueName":"search_term_string"}}],"inLanguage":"en-US"},{"@type":"Organization","@id":"https:\/\/altostratus.ca\/en\/#organization","name":"AltoStrat'us","url":"https:\/\/altostratus.ca\/en\/","logo":{"@type":"ImageObject","inLanguage":"en-US","@id":"https:\/\/altostratus.ca\/en\/#\/schema\/logo\/image\/","url":"https:\/\/altostratus.ca\/wp-content\/uploads\/2023\/07\/hori_altostratus_couleurs.png","contentUrl":"https:\/\/altostratus.ca\/wp-content\/uploads\/2023\/07\/hori_altostratus_couleurs.png","width":1440,"height":428,"caption":"AltoStrat'us"},"image":{"@id":"https:\/\/altostratus.ca\/en\/#\/schema\/logo\/image\/"},"sameAs":["https:\/\/www.linkedin.com\/company\/altostrat-us\/"]}]}},"_links":{"self":[{"href":"https:\/\/altostratus.ca\/en\/wp-json\/wp\/v2\/pages\/3968","targetHints":{"allow":["GET"]}}],"collection":[{"href":"https:\/\/altostratus.ca\/en\/wp-json\/wp\/v2\/pages"}],"about":[{"href":"https:\/\/altostratus.ca\/en\/wp-json\/wp\/v2\/types\/page"}],"author":[{"embeddable":true,"href":"https:\/\/altostratus.ca\/en\/wp-json\/wp\/v2\/users\/1"}],"replies":[{"embeddable":true,"href":"https:\/\/altostratus.ca\/en\/wp-json\/wp\/v2\/comments?post=3968"}],"version-history":[{"count":19,"href":"https:\/\/altostratus.ca\/en\/wp-json\/wp\/v2\/pages\/3968\/revisions"}],"predecessor-version":[{"id":6289,"href":"https:\/\/altostratus.ca\/en\/wp-json\/wp\/v2\/pages\/3968\/revisions\/6289"}],"wp:featuredmedia":[{"embeddable":true,"href":"https:\/\/altostratus.ca\/en\/wp-json\/wp\/v2\/media\/2681"}],"wp:attachment":[{"href":"https:\/\/altostratus.ca\/en\/wp-json\/wp\/v2\/media?parent=3968"}],"curies":[{"name":"wp","href":"https:\/\/api.w.org\/{rel}","templated":true}]}}