{"id":3975,"date":"2023-12-26T23:56:51","date_gmt":"2023-12-26T23:56:51","guid":{"rendered":"https:\/\/altostratus.ca\/gold-membership\/"},"modified":"2024-01-03T21:05:44","modified_gmt":"2024-01-03T21:05:44","slug":"gold-membership","status":"publish","type":"page","link":"https:\/\/altostratus.ca\/en\/gold-membership\/","title":{"rendered":"Gold membership"},"content":{"rendered":"\t\t<div data-elementor-type=\"wp-post\" data-elementor-id=\"3975\" class=\"elementor elementor-3975 elementor-2731\" data-elementor-post-type=\"page\">\n\t\t\t\t\t\t<section class=\"elementor-section elementor-top-section elementor-element elementor-element-d0d7d80 elementor-section-full_width elementor-section-height-default elementor-section-height-default\" data-id=\"d0d7d80\" data-element_type=\"section\" data-e-type=\"section\" data-settings=\"{&quot;background_background&quot;:&quot;classic&quot;,&quot;background_motion_fx_motion_fx_scrolling&quot;:&quot;yes&quot;,&quot;background_motion_fx_translateY_effect&quot;:&quot;yes&quot;,&quot;background_motion_fx_translateY_speed&quot;:{&quot;unit&quot;:&quot;px&quot;,&quot;size&quot;:4,&quot;sizes&quot;:[]},&quot;background_motion_fx_translateY_affectedRange&quot;:{&quot;unit&quot;:&quot;%&quot;,&quot;size&quot;:&quot;&quot;,&quot;sizes&quot;:{&quot;start&quot;:0,&quot;end&quot;:100}},&quot;background_motion_fx_devices&quot;:[&quot;desktop&quot;,&quot;tablet&quot;,&quot;mobile&quot;]}\">\n\t\t\t\t\t\t<div class=\"elementor-container elementor-column-gap-no\">\n\t\t\t\t\t<div class=\"elementor-column elementor-col-100 elementor-top-column elementor-element elementor-element-71874cb\" data-id=\"71874cb\" data-element_type=\"column\" data-e-type=\"column\">\n\t\t\t<div class=\"elementor-widget-wrap elementor-element-populated\">\n\t\t\t\t\t\t<div class=\"elementor-element elementor-element-8953303 elementor-widget elementor-widget-heading\" data-id=\"8953303\" data-element_type=\"widget\" data-e-type=\"widget\" data-widget_type=\"heading.default\">\n\t\t\t\t<div class=\"elementor-widget-container\">\n\t\t\t\t\t<h2 class=\"elementor-heading-title elementor-size-default\">YOUR GOLD MEMBERSHIP <br>PROGRAM<\/h2>\t\t\t\t<\/div>\n\t\t\t\t<\/div>\n\t\t\t\t<div class=\"elementor-element elementor-element-3578b94 elementor-widget elementor-widget-spacer\" data-id=\"3578b94\" data-element_type=\"widget\" data-e-type=\"widget\" data-widget_type=\"spacer.default\">\n\t\t\t\t<div class=\"elementor-widget-container\">\n\t\t\t\t\t\t\t<div class=\"elementor-spacer\">\n\t\t\t<div class=\"elementor-spacer-inner\"><\/div>\n\t\t<\/div>\n\t\t\t\t\t\t<\/div>\n\t\t\t\t<\/div>\n\t\t\t\t\t<\/div>\n\t\t<\/div>\n\t\t\t\t\t<\/div>\n\t\t<\/section>\n\t\t\t\t<section class=\"elementor-section elementor-top-section elementor-element elementor-element-c1983c2 elementor-section-full_width elementor-section-height-default elementor-section-height-default\" data-id=\"c1983c2\" data-element_type=\"section\" data-e-type=\"section\">\n\t\t\t\t\t\t<div class=\"elementor-container elementor-column-gap-default\">\n\t\t\t\t\t<div class=\"elementor-column elementor-col-100 elementor-top-column elementor-element elementor-element-8bda56b elementor-invisible\" data-id=\"8bda56b\" data-element_type=\"column\" data-e-type=\"column\" data-settings=\"{&quot;animation&quot;:&quot;fadeIn&quot;}\">\n\t\t\t<div class=\"elementor-widget-wrap elementor-element-populated\">\n\t\t\t\t\t\t<div class=\"elementor-element elementor-element-18b3cd5 elementor-widget elementor-widget-text-editor\" data-id=\"18b3cd5\" data-element_type=\"widget\" data-e-type=\"widget\" data-widget_type=\"text-editor.default\">\n\t\t\t\t<div class=\"elementor-widget-container\">\n\t\t\t\t\t\t\t\t\t<h2><strong><span class=\"OYPEnA text-decoration-none text-strikethrough-none\" style=\"color: #000000;\"><span class=\"OYPEnA text-decoration-none text-strikethrough-none\">You have recurring business aviation needs, but aren&#8217;t considering buying a share of an aircraft?<\/span><\/span><\/strong><\/h2>\n<p><span class=\"OYPEnA text-decoration-none text-strikethrough-none\" style=\"color: #000000;\"><span class=\"OYPEnA text-decoration-none text-strikethrough-none\">Our Gold membership program offers you the possibility of acquiring an annual bank of Pilatus PC-12 NG flying hours tailored to your needs, combined with fixed monthly Gold membership payments. <\/span><\/span><\/p>\n<p><span class=\"OYPEnA text-decoration-none text-strikethrough-none\" style=\"color: #000000;\">Unlike on-demand flight services currently available on the market, our program gives you priority access to bookings and guarantees you an advantageous hourly rate as well as the possibility of benefiting from a fixed lump sum for your usual destinations. <\/span><\/p>\n\t\t\t\t\t\t\t\t<\/div>\n\t\t\t\t<\/div>\n\t\t\t\t\t<\/div>\n\t\t<\/div>\n\t\t\t\t\t<\/div>\n\t\t<\/section>\n\t\t\t\t<section class=\"elementor-section elementor-top-section elementor-element elementor-element-8375d85 elementor-section-full_width elementor-section-height-default elementor-section-height-default\" data-id=\"8375d85\" data-element_type=\"section\" data-e-type=\"section\" data-settings=\"{&quot;background_background&quot;:&quot;classic&quot;,&quot;background_motion_fx_motion_fx_scrolling&quot;:&quot;yes&quot;,&quot;background_motion_fx_translateY_effect&quot;:&quot;yes&quot;,&quot;background_motion_fx_translateY_speed&quot;:{&quot;unit&quot;:&quot;px&quot;,&quot;size&quot;:4,&quot;sizes&quot;:[]},&quot;background_motion_fx_translateY_affectedRange&quot;:{&quot;unit&quot;:&quot;%&quot;,&quot;size&quot;:&quot;&quot;,&quot;sizes&quot;:{&quot;start&quot;:0,&quot;end&quot;:100}},&quot;background_motion_fx_devices&quot;:[&quot;desktop&quot;,&quot;tablet&quot;,&quot;mobile&quot;]}\">\n\t\t\t\t\t\t<div class=\"elementor-container elementor-column-gap-no\">\n\t\t\t\t\t<div class=\"elementor-column elementor-col-100 elementor-top-column elementor-element elementor-element-338777f\" data-id=\"338777f\" data-element_type=\"column\" data-e-type=\"column\">\n\t\t\t<div class=\"elementor-widget-wrap elementor-element-populated\">\n\t\t\t\t\t\t<div class=\"elementor-element elementor-element-3bf6a04 elementor-widget elementor-widget-spacer\" data-id=\"3bf6a04\" data-element_type=\"widget\" data-e-type=\"widget\" data-settings=\"{&quot;motion_fx_motion_fx_scrolling&quot;:&quot;yes&quot;,&quot;motion_fx_translateY_effect&quot;:&quot;yes&quot;,&quot;motion_fx_translateY_speed&quot;:{&quot;unit&quot;:&quot;px&quot;,&quot;size&quot;:4,&quot;sizes&quot;:[]},&quot;motion_fx_translateY_affectedRange&quot;:{&quot;unit&quot;:&quot;%&quot;,&quot;size&quot;:&quot;&quot;,&quot;sizes&quot;:{&quot;start&quot;:0,&quot;end&quot;:100}},&quot;motion_fx_devices&quot;:[&quot;desktop&quot;,&quot;tablet&quot;,&quot;mobile&quot;]}\" data-widget_type=\"spacer.default\">\n\t\t\t\t<div class=\"elementor-widget-container\">\n\t\t\t\t\t\t\t<div class=\"elementor-spacer\">\n\t\t\t<div class=\"elementor-spacer-inner\"><\/div>\n\t\t<\/div>\n\t\t\t\t\t\t<\/div>\n\t\t\t\t<\/div>\n\t\t\t\t\t<\/div>\n\t\t<\/div>\n\t\t\t\t\t<\/div>\n\t\t<\/section>\n\t\t\t\t<section class=\"elementor-section elementor-top-section elementor-element elementor-element-8379b4e elementor-section-full_width elementor-section-height-default elementor-section-height-default\" data-id=\"8379b4e\" data-element_type=\"section\" data-e-type=\"section\">\n\t\t\t\t\t\t<div class=\"elementor-container elementor-column-gap-default\">\n\t\t\t\t\t<div class=\"elementor-column elementor-col-100 elementor-top-column elementor-element elementor-element-a4dddd8\" data-id=\"a4dddd8\" data-element_type=\"column\" data-e-type=\"column\">\n\t\t\t<div class=\"elementor-widget-wrap elementor-element-populated\">\n\t\t\t\t\t\t<div class=\"elementor-element elementor-element-923cced elementor-widget elementor-widget-heading\" data-id=\"923cced\" data-element_type=\"widget\" data-e-type=\"widget\" data-widget_type=\"heading.default\">\n\t\t\t\t<div class=\"elementor-widget-container\">\n\t\t\t\t\t<h2 class=\"elementor-heading-title elementor-size-default\">Program benefits<\/h2>\t\t\t\t<\/div>\n\t\t\t\t<\/div>\n\t\t\t\t\t<\/div>\n\t\t<\/div>\n\t\t\t\t\t<\/div>\n\t\t<\/section>\n\t\t\t\t<section class=\"elementor-section elementor-top-section elementor-element elementor-element-a75b123 elementor-section-boxed elementor-section-height-default elementor-section-height-default\" data-id=\"a75b123\" data-element_type=\"section\" data-e-type=\"section\">\n\t\t\t\t\t\t<div class=\"elementor-container elementor-column-gap-default\">\n\t\t\t\t\t<div class=\"elementor-column elementor-col-33 elementor-top-column elementor-element elementor-element-0dd08a6\" data-id=\"0dd08a6\" data-element_type=\"column\" data-e-type=\"column\">\n\t\t\t<div class=\"elementor-widget-wrap elementor-element-populated\">\n\t\t\t\t\t\t<div class=\"elementor-element elementor-element-aa31142 elementor-widget elementor-widget-text-editor\" data-id=\"aa31142\" data-element_type=\"widget\" data-e-type=\"widget\" data-widget_type=\"text-editor.default\">\n\t\t\t\t<div class=\"elementor-widget-container\">\n\t\t\t\t\t\t\t\t\t<h4><b>PRICING<\/b><\/h4>\n<ul>\n<li><span class=\"OYPEnA text-decoration-none text-strikethrough-none\">Competitive price per flight hour, lower than on-demand flights; <\/span><\/li>\n<li><span class=\"OYPEnA text-decoration-none text-strikethrough-none\">Lump sum available for your regular destinations.<\/span><\/li>\n<\/ul>\n\t\t\t\t\t\t\t\t<\/div>\n\t\t\t\t<\/div>\n\t\t\t\t\t<\/div>\n\t\t<\/div>\n\t\t\t\t<div class=\"elementor-column elementor-col-33 elementor-top-column elementor-element elementor-element-95e7fbc\" data-id=\"95e7fbc\" data-element_type=\"column\" data-e-type=\"column\">\n\t\t\t<div class=\"elementor-widget-wrap elementor-element-populated\">\n\t\t\t\t\t\t<div class=\"elementor-element elementor-element-895d94a elementor-widget elementor-widget-text-editor\" data-id=\"895d94a\" data-element_type=\"widget\" data-e-type=\"widget\" data-widget_type=\"text-editor.default\">\n\t\t\t\t<div class=\"elementor-widget-container\">\n\t\t\t\t\t\t\t\t\t<h4><strong>ACCESSIBILITY<\/strong><\/h4>\n<ul>\n<li><span style=\"color: #000000;\">Priority access to reservations;<\/span><\/li>\n<li><span style=\"color: #000000;\">Personalized service on request (catering on board, car on arrival, etc.);<\/span><\/li>\n<li><span style=\"color: #000000;\">Aircraft availability at short notice. <\/span><\/li>\n<\/ul>\n\t\t\t\t\t\t\t\t<\/div>\n\t\t\t\t<\/div>\n\t\t\t\t\t<\/div>\n\t\t<\/div>\n\t\t\t\t<div class=\"elementor-column elementor-col-33 elementor-top-column elementor-element elementor-element-ce0e952\" data-id=\"ce0e952\" data-element_type=\"column\" data-e-type=\"column\">\n\t\t\t<div class=\"elementor-widget-wrap elementor-element-populated\">\n\t\t\t\t\t\t<div class=\"elementor-element elementor-element-e0f9746 elementor-widget elementor-widget-text-editor\" data-id=\"e0f9746\" data-element_type=\"widget\" data-e-type=\"widget\" data-widget_type=\"text-editor.default\">\n\t\t\t\t<div class=\"elementor-widget-container\">\n\t\t\t\t\t\t\t\t\t<h4><strong>RELIABILITY<\/strong><\/h4>\n<p>access one of the most popular, economical and safe business aircraft on the market, winning numerous awards in its category.<\/p>\n\t\t\t\t\t\t\t\t<\/div>\n\t\t\t\t<\/div>\n\t\t\t\t\t<\/div>\n\t\t<\/div>\n\t\t\t\t\t<\/div>\n\t\t<\/section>\n\t\t\t\t<section class=\"elementor-section elementor-top-section elementor-element elementor-element-450f949 elementor-section-boxed elementor-section-height-default elementor-section-height-default\" data-id=\"450f949\" data-element_type=\"section\" data-e-type=\"section\">\n\t\t\t\t\t\t<div class=\"elementor-container elementor-column-gap-default\">\n\t\t\t\t\t<div class=\"elementor-column elementor-col-100 elementor-top-column elementor-element elementor-element-9f9bc67 elementor-invisible\" data-id=\"9f9bc67\" data-element_type=\"column\" data-e-type=\"column\" data-settings=\"{&quot;animation&quot;:&quot;fadeIn&quot;}\">\n\t\t\t<div class=\"elementor-widget-wrap elementor-element-populated\">\n\t\t\t\t\t\t<div class=\"elementor-element elementor-element-3eae9b2 elementor-widget elementor-widget-heading\" data-id=\"3eae9b2\" data-element_type=\"widget\" data-e-type=\"widget\" data-widget_type=\"heading.default\">\n\t\t\t\t<div class=\"elementor-widget-container\">\n\t\t\t\t\t<h2 class=\"elementor-heading-title elementor-size-default\">Tell us about your needs and let us guide you to the right solution.<\/h2>\t\t\t\t<\/div>\n\t\t\t\t<\/div>\n\t\t\t\t<div class=\"elementor-element elementor-element-7844934 elementor-align-center elementor-widget elementor-widget-button\" data-id=\"7844934\" data-element_type=\"widget\" data-e-type=\"widget\" data-widget_type=\"button.default\">\n\t\t\t\t<div class=\"elementor-widget-container\">\n\t\t\t\t\t\t\t\t\t<div class=\"elementor-button-wrapper\">\n\t\t\t\t\t<a class=\"elementor-button elementor-button-link elementor-size-sm\" href=\"https:\/\/altostratus.ca\/en\/contact-us-2\/\">\n\t\t\t\t\t\t<span class=\"elementor-button-content-wrapper\">\n\t\t\t\t\t\t\t\t\t<span class=\"elementor-button-text\">Contact us<\/span>\n\t\t\t\t\t<\/span>\n\t\t\t\t\t<\/a>\n\t\t\t\t<\/div>\n\t\t\t\t\t\t\t\t<\/div>\n\t\t\t\t<\/div>\n\t\t\t\t\t<\/div>\n\t\t<\/div>\n\t\t\t\t\t<\/div>\n\t\t<\/section>\n\t\t\t\t<\/div>\n\t\t","protected":false},"excerpt":{"rendered":"<p>YOUR GOLD MEMBERSHIP PROGRAM You have recurring business aviation needs, but aren&#8217;t considering buying a share of an aircraft? Our Gold membership program offers you the possibility of acquiring an annual bank of Pilatus PC-12 NG flying hours tailored to your needs, combined with fixed monthly Gold membership payments. Unlike on-demand flight services currently available [&hellip;]<\/p>\n","protected":false},"author":1,"featured_media":2681,"parent":0,"menu_order":0,"comment_status":"closed","ping_status":"closed","template":"","meta":{"footnotes":""},"class_list":["post-3975","page","type-page","status-publish","has-post-thumbnail","hentry"],"yoast_head":"<!-- This site is optimized with the Yoast SEO plugin v26.2 - https:\/\/yoast.com\/wordpress\/plugins\/seo\/ -->\n<title>Gold membership - AltoStrat&#039;Us: Programme de Propri\u00e9t\u00e9 Fractionn\u00e9e Pilatus PC-12<\/title>\n<meta name=\"robots\" content=\"index, follow, max-snippet:-1, max-image-preview:large, max-video-preview:-1\" \/>\n<link rel=\"canonical\" href=\"https:\/\/altostratus.ca\/en\/gold-membership\/\" \/>\n<meta property=\"og:locale\" content=\"en_US\" \/>\n<meta property=\"og:type\" content=\"article\" \/>\n<meta property=\"og:title\" content=\"Gold membership - AltoStrat&#039;Us: Programme de Propri\u00e9t\u00e9 Fractionn\u00e9e Pilatus PC-12\" \/>\n<meta property=\"og:description\" content=\"YOUR GOLD MEMBERSHIP PROGRAM You have recurring business aviation needs, but aren&#8217;t considering buying a share of an aircraft? Our Gold membership program offers you the possibility of acquiring an annual bank of Pilatus PC-12 NG flying hours tailored to your needs, combined with fixed monthly Gold membership payments. Unlike on-demand flight services currently available [&hellip;]\" \/>\n<meta property=\"og:url\" content=\"https:\/\/altostratus.ca\/en\/gold-membership\/\" \/>\n<meta property=\"og:site_name\" content=\"AltoStrat&#039;Us: Programme de Propri\u00e9t\u00e9 Fractionn\u00e9e Pilatus PC-12\" \/>\n<meta property=\"article:modified_time\" content=\"2024-01-03T21:05:44+00:00\" \/>\n<meta property=\"og:image\" content=\"https:\/\/altostratus.ca\/wp-content\/uploads\/2023\/10\/Pilatus-pc-12-flying-over-cloud-background-1024x576.png\" \/>\n\t<meta property=\"og:image:width\" content=\"1024\" \/>\n\t<meta property=\"og:image:height\" content=\"576\" \/>\n\t<meta property=\"og:image:type\" content=\"image\/png\" \/>\n<meta name=\"twitter:card\" content=\"summary_large_image\" \/>\n<meta name=\"twitter:label1\" content=\"Est. reading time\" \/>\n\t<meta name=\"twitter:data1\" content=\"1 minute\" \/>\n<script type=\"application\/ld+json\" class=\"yoast-schema-graph\">{\"@context\":\"https:\/\/schema.org\",\"@graph\":[{\"@type\":\"WebPage\",\"@id\":\"https:\/\/altostratus.ca\/en\/gold-membership\/\",\"url\":\"https:\/\/altostratus.ca\/en\/gold-membership\/\",\"name\":\"Gold membership - AltoStrat&#039;Us: Programme de Propri\u00e9t\u00e9 Fractionn\u00e9e Pilatus PC-12\",\"isPartOf\":{\"@id\":\"https:\/\/altostratus.ca\/en\/#website\"},\"primaryImageOfPage\":{\"@id\":\"https:\/\/altostratus.ca\/en\/gold-membership\/#primaryimage\"},\"image\":{\"@id\":\"https:\/\/altostratus.ca\/en\/gold-membership\/#primaryimage\"},\"thumbnailUrl\":\"https:\/\/altostratus.ca\/wp-content\/uploads\/2023\/10\/Pilatus-pc-12-flying-over-cloud-background.png\",\"datePublished\":\"2023-12-26T23:56:51+00:00\",\"dateModified\":\"2024-01-03T21:05:44+00:00\",\"breadcrumb\":{\"@id\":\"https:\/\/altostratus.ca\/en\/gold-membership\/#breadcrumb\"},\"inLanguage\":\"en-US\",\"potentialAction\":[{\"@type\":\"ReadAction\",\"target\":[\"https:\/\/altostratus.ca\/en\/gold-membership\/\"]}]},{\"@type\":\"ImageObject\",\"inLanguage\":\"en-US\",\"@id\":\"https:\/\/altostratus.ca\/en\/gold-membership\/#primaryimage\",\"url\":\"https:\/\/altostratus.ca\/wp-content\/uploads\/2023\/10\/Pilatus-pc-12-flying-over-cloud-background.png\",\"contentUrl\":\"https:\/\/altostratus.ca\/wp-content\/uploads\/2023\/10\/Pilatus-pc-12-flying-over-cloud-background.png\",\"width\":3840,\"height\":2160},{\"@type\":\"BreadcrumbList\",\"@id\":\"https:\/\/altostratus.ca\/en\/gold-membership\/#breadcrumb\",\"itemListElement\":[{\"@type\":\"ListItem\",\"position\":1,\"name\":\"Home\",\"item\":\"https:\/\/altostratus.ca\/en\/\"},{\"@type\":\"ListItem\",\"position\":2,\"name\":\"Gold membership\"}]},{\"@type\":\"WebSite\",\"@id\":\"https:\/\/altostratus.ca\/en\/#website\",\"url\":\"https:\/\/altostratus.ca\/en\/\",\"name\":\"AltoStrat'us: Programme de Propri\u00e9t\u00e9 Fractionn\u00e9e Pilatus PC-12,\",\"description\":\"Programme de Propri\u00e9t\u00e9 Fractionn\u00e9e Pilatus PC-12, Services d&#039;avion d&#039;affaires s\u00fbrs, flexible et fiables.\",\"publisher\":{\"@id\":\"https:\/\/altostratus.ca\/en\/#organization\"},\"potentialAction\":[{\"@type\":\"SearchAction\",\"target\":{\"@type\":\"EntryPoint\",\"urlTemplate\":\"https:\/\/altostratus.ca\/en\/?s={search_term_string}\"},\"query-input\":{\"@type\":\"PropertyValueSpecification\",\"valueRequired\":true,\"valueName\":\"search_term_string\"}}],\"inLanguage\":\"en-US\"},{\"@type\":\"Organization\",\"@id\":\"https:\/\/altostratus.ca\/en\/#organization\",\"name\":\"AltoStrat'us\",\"url\":\"https:\/\/altostratus.ca\/en\/\",\"logo\":{\"@type\":\"ImageObject\",\"inLanguage\":\"en-US\",\"@id\":\"https:\/\/altostratus.ca\/en\/#\/schema\/logo\/image\/\",\"url\":\"https:\/\/altostratus.ca\/wp-content\/uploads\/2023\/07\/hori_altostratus_couleurs.png\",\"contentUrl\":\"https:\/\/altostratus.ca\/wp-content\/uploads\/2023\/07\/hori_altostratus_couleurs.png\",\"width\":1440,\"height\":428,\"caption\":\"AltoStrat'us\"},\"image\":{\"@id\":\"https:\/\/altostratus.ca\/en\/#\/schema\/logo\/image\/\"},\"sameAs\":[\"https:\/\/www.linkedin.com\/company\/altostrat-us\/\"]}]}<\/script>\n<!-- \/ Yoast SEO plugin. -->","yoast_head_json":{"title":"Gold membership - AltoStrat&#039;Us: Programme de Propri\u00e9t\u00e9 Fractionn\u00e9e Pilatus PC-12","robots":{"index":"index","follow":"follow","max-snippet":"max-snippet:-1","max-image-preview":"max-image-preview:large","max-video-preview":"max-video-preview:-1"},"canonical":"https:\/\/altostratus.ca\/en\/gold-membership\/","og_locale":"en_US","og_type":"article","og_title":"Gold membership - AltoStrat&#039;Us: Programme de Propri\u00e9t\u00e9 Fractionn\u00e9e Pilatus PC-12","og_description":"YOUR GOLD MEMBERSHIP PROGRAM You have recurring business aviation needs, but aren&#8217;t considering buying a share of an aircraft? Our Gold membership program offers you the possibility of acquiring an annual bank of Pilatus PC-12 NG flying hours tailored to your needs, combined with fixed monthly Gold membership payments. Unlike on-demand flight services currently available [&hellip;]","og_url":"https:\/\/altostratus.ca\/en\/gold-membership\/","og_site_name":"AltoStrat&#039;Us: Programme de Propri\u00e9t\u00e9 Fractionn\u00e9e Pilatus PC-12","article_modified_time":"2024-01-03T21:05:44+00:00","og_image":[{"width":1024,"height":576,"url":"https:\/\/altostratus.ca\/wp-content\/uploads\/2023\/10\/Pilatus-pc-12-flying-over-cloud-background-1024x576.png","type":"image\/png"}],"twitter_card":"summary_large_image","twitter_misc":{"Est. reading time":"1 minute"},"schema":{"@context":"https:\/\/schema.org","@graph":[{"@type":"WebPage","@id":"https:\/\/altostratus.ca\/en\/gold-membership\/","url":"https:\/\/altostratus.ca\/en\/gold-membership\/","name":"Gold membership - AltoStrat&#039;Us: Programme de Propri\u00e9t\u00e9 Fractionn\u00e9e Pilatus PC-12","isPartOf":{"@id":"https:\/\/altostratus.ca\/en\/#website"},"primaryImageOfPage":{"@id":"https:\/\/altostratus.ca\/en\/gold-membership\/#primaryimage"},"image":{"@id":"https:\/\/altostratus.ca\/en\/gold-membership\/#primaryimage"},"thumbnailUrl":"https:\/\/altostratus.ca\/wp-content\/uploads\/2023\/10\/Pilatus-pc-12-flying-over-cloud-background.png","datePublished":"2023-12-26T23:56:51+00:00","dateModified":"2024-01-03T21:05:44+00:00","breadcrumb":{"@id":"https:\/\/altostratus.ca\/en\/gold-membership\/#breadcrumb"},"inLanguage":"en-US","potentialAction":[{"@type":"ReadAction","target":["https:\/\/altostratus.ca\/en\/gold-membership\/"]}]},{"@type":"ImageObject","inLanguage":"en-US","@id":"https:\/\/altostratus.ca\/en\/gold-membership\/#primaryimage","url":"https:\/\/altostratus.ca\/wp-content\/uploads\/2023\/10\/Pilatus-pc-12-flying-over-cloud-background.png","contentUrl":"https:\/\/altostratus.ca\/wp-content\/uploads\/2023\/10\/Pilatus-pc-12-flying-over-cloud-background.png","width":3840,"height":2160},{"@type":"BreadcrumbList","@id":"https:\/\/altostratus.ca\/en\/gold-membership\/#breadcrumb","itemListElement":[{"@type":"ListItem","position":1,"name":"Home","item":"https:\/\/altostratus.ca\/en\/"},{"@type":"ListItem","position":2,"name":"Gold membership"}]},{"@type":"WebSite","@id":"https:\/\/altostratus.ca\/en\/#website","url":"https:\/\/altostratus.ca\/en\/","name":"AltoStrat'us: Programme de Propri\u00e9t\u00e9 Fractionn\u00e9e Pilatus PC-12,","description":"Programme de Propri\u00e9t\u00e9 Fractionn\u00e9e Pilatus PC-12, Services d&#039;avion d&#039;affaires s\u00fbrs, flexible et fiables.","publisher":{"@id":"https:\/\/altostratus.ca\/en\/#organization"},"potentialAction":[{"@type":"SearchAction","target":{"@type":"EntryPoint","urlTemplate":"https:\/\/altostratus.ca\/en\/?s={search_term_string}"},"query-input":{"@type":"PropertyValueSpecification","valueRequired":true,"valueName":"search_term_string"}}],"inLanguage":"en-US"},{"@type":"Organization","@id":"https:\/\/altostratus.ca\/en\/#organization","name":"AltoStrat'us","url":"https:\/\/altostratus.ca\/en\/","logo":{"@type":"ImageObject","inLanguage":"en-US","@id":"https:\/\/altostratus.ca\/en\/#\/schema\/logo\/image\/","url":"https:\/\/altostratus.ca\/wp-content\/uploads\/2023\/07\/hori_altostratus_couleurs.png","contentUrl":"https:\/\/altostratus.ca\/wp-content\/uploads\/2023\/07\/hori_altostratus_couleurs.png","width":1440,"height":428,"caption":"AltoStrat'us"},"image":{"@id":"https:\/\/altostratus.ca\/en\/#\/schema\/logo\/image\/"},"sameAs":["https:\/\/www.linkedin.com\/company\/altostrat-us\/"]}]}},"_links":{"self":[{"href":"https:\/\/altostratus.ca\/en\/wp-json\/wp\/v2\/pages\/3975","targetHints":{"allow":["GET"]}}],"collection":[{"href":"https:\/\/altostratus.ca\/en\/wp-json\/wp\/v2\/pages"}],"about":[{"href":"https:\/\/altostratus.ca\/en\/wp-json\/wp\/v2\/types\/page"}],"author":[{"embeddable":true,"href":"https:\/\/altostratus.ca\/en\/wp-json\/wp\/v2\/users\/1"}],"replies":[{"embeddable":true,"href":"https:\/\/altostratus.ca\/en\/wp-json\/wp\/v2\/comments?post=3975"}],"version-history":[{"count":5,"href":"https:\/\/altostratus.ca\/en\/wp-json\/wp\/v2\/pages\/3975\/revisions"}],"predecessor-version":[{"id":4001,"href":"https:\/\/altostratus.ca\/en\/wp-json\/wp\/v2\/pages\/3975\/revisions\/4001"}],"wp:featuredmedia":[{"embeddable":true,"href":"https:\/\/altostratus.ca\/en\/wp-json\/wp\/v2\/media\/2681"}],"wp:attachment":[{"href":"https:\/\/altostratus.ca\/en\/wp-json\/wp\/v2\/media?parent=3975"}],"curies":[{"name":"wp","href":"https:\/\/api.w.org\/{rel}","templated":true}]}}