{"id":3985,"date":"2023-12-28T00:25:18","date_gmt":"2023-12-28T00:25:18","guid":{"rendered":"https:\/\/altostratus.ca\/our-services-2\/"},"modified":"2025-11-03T17:46:20","modified_gmt":"2025-11-03T17:46:20","slug":"our-services-2","status":"publish","type":"page","link":"https:\/\/altostratus.ca\/en\/our-services-2\/","title":{"rendered":"Our services"},"content":{"rendered":"\t\t<div data-elementor-type=\"wp-post\" data-elementor-id=\"3985\" class=\"elementor elementor-3985 elementor-3892\" data-elementor-post-type=\"page\">\n\t\t\t\t\t\t<section class=\"elementor-section elementor-top-section elementor-element elementor-element-7b38e50 elementor-section-full_width elementor-section-height-default elementor-section-height-default\" data-id=\"7b38e50\" data-element_type=\"section\" data-e-type=\"section\" data-settings=\"{&quot;background_background&quot;:&quot;classic&quot;,&quot;background_motion_fx_motion_fx_scrolling&quot;:&quot;yes&quot;,&quot;background_motion_fx_translateY_effect&quot;:&quot;yes&quot;,&quot;background_motion_fx_translateY_speed&quot;:{&quot;unit&quot;:&quot;px&quot;,&quot;size&quot;:4,&quot;sizes&quot;:[]},&quot;background_motion_fx_translateY_affectedRange&quot;:{&quot;unit&quot;:&quot;%&quot;,&quot;size&quot;:&quot;&quot;,&quot;sizes&quot;:{&quot;start&quot;:0,&quot;end&quot;:100}},&quot;background_motion_fx_devices&quot;:[&quot;desktop&quot;,&quot;tablet&quot;,&quot;mobile&quot;]}\">\n\t\t\t\t\t\t<div class=\"elementor-container elementor-column-gap-no\">\n\t\t\t\t\t<div class=\"elementor-column elementor-col-100 elementor-top-column elementor-element elementor-element-f601668\" data-id=\"f601668\" data-element_type=\"column\" data-e-type=\"column\">\n\t\t\t<div class=\"elementor-widget-wrap elementor-element-populated\">\n\t\t\t\t\t\t<div class=\"elementor-element elementor-element-fe42505 elementor-widget elementor-widget-spacer\" data-id=\"fe42505\" data-element_type=\"widget\" data-e-type=\"widget\" data-widget_type=\"spacer.default\">\n\t\t\t\t<div class=\"elementor-widget-container\">\n\t\t\t\t\t\t\t<div class=\"elementor-spacer\">\n\t\t\t<div class=\"elementor-spacer-inner\"><\/div>\n\t\t<\/div>\n\t\t\t\t\t\t<\/div>\n\t\t\t\t<\/div>\n\t\t\t\t\t<\/div>\n\t\t<\/div>\n\t\t\t\t\t<\/div>\n\t\t<\/section>\n\t\t\t\t<section class=\"elementor-section elementor-top-section elementor-element elementor-element-02ede84 elementor-section-full_width elementor-section-height-default elementor-section-height-default\" data-id=\"02ede84\" data-element_type=\"section\" data-e-type=\"section\">\n\t\t\t\t\t\t<div class=\"elementor-container elementor-column-gap-default\">\n\t\t\t\t\t<div class=\"elementor-column elementor-col-100 elementor-top-column elementor-element elementor-element-6a64d4d\" data-id=\"6a64d4d\" data-element_type=\"column\" data-e-type=\"column\">\n\t\t\t<div class=\"elementor-widget-wrap elementor-element-populated\">\n\t\t\t\t\t\t<div class=\"elementor-element elementor-element-e330295 elementor-widget elementor-widget-heading\" data-id=\"e330295\" data-element_type=\"widget\" data-e-type=\"widget\" data-widget_type=\"heading.default\">\n\t\t\t\t<div class=\"elementor-widget-container\">\n\t\t\t\t\t<h1 class=\"elementor-heading-title elementor-size-default\">Our tailor-made business aviation services - Altostratus<\/h1>\t\t\t\t<\/div>\n\t\t\t\t<\/div>\n\t\t\t\t<div class=\"elementor-element elementor-element-4011308 elementor-widget elementor-widget-text-editor\" data-id=\"4011308\" data-element_type=\"widget\" data-e-type=\"widget\" data-widget_type=\"text-editor.default\">\n\t\t\t\t<div class=\"elementor-widget-container\">\n\t\t\t\t\t\t\t\t\t<p>Today, companies and individuals with business aviation needs are faced with two options: buy their own aircraft outright, with the attendant problems of managing flight crews, maintenance and aircraft storage, and a high purchase price; or use charter services, whose rates vary according to the market and whose flexibility is often limited, especially for last-minute requests.<\/p><p><span style=\"color: #000000;\">Altostrat&#8217;us offers a variety of turnkey solutions that are reliable, flexible and economically viable.<\/span><\/p>\t\t\t\t\t\t\t\t<\/div>\n\t\t\t\t<\/div>\n\t\t\t\t\t<\/div>\n\t\t<\/div>\n\t\t\t\t\t<\/div>\n\t\t<\/section>\n\t\t\t\t<section class=\"elementor-section elementor-top-section elementor-element elementor-element-a104587 elementor-section-full_width elementor-section-height-min-height elementor-section-content-middle elementor-section-height-default elementor-section-items-middle\" data-id=\"a104587\" data-element_type=\"section\" data-e-type=\"section\" data-settings=\"{&quot;background_background&quot;:&quot;classic&quot;,&quot;background_motion_fx_motion_fx_scrolling&quot;:&quot;yes&quot;,&quot;background_motion_fx_devices&quot;:[&quot;desktop&quot;,&quot;tablet&quot;,&quot;mobile&quot;]}\">\n\t\t\t\t\t\t\t<div class=\"elementor-background-overlay\"><\/div>\n\t\t\t\t\t\t\t<div class=\"elementor-container elementor-column-gap-default\">\n\t\t\t\t\t<div class=\"elementor-column elementor-col-100 elementor-top-column elementor-element elementor-element-3d6358c\" data-id=\"3d6358c\" data-element_type=\"column\" data-e-type=\"column\">\n\t\t\t<div class=\"elementor-widget-wrap\">\n\t\t\t\t\t\t\t<\/div>\n\t\t<\/div>\n\t\t\t\t\t<\/div>\n\t\t<\/section>\n\t\t\t\t<section class=\"elementor-section elementor-top-section elementor-element elementor-element-8156162 elementor-section-boxed elementor-section-height-default elementor-section-height-default\" data-id=\"8156162\" data-element_type=\"section\" data-e-type=\"section\">\n\t\t\t\t\t\t<div class=\"elementor-container elementor-column-gap-default\">\n\t\t\t\t\t<div class=\"elementor-column elementor-col-100 elementor-top-column elementor-element elementor-element-da96278\" data-id=\"da96278\" data-element_type=\"column\" data-e-type=\"column\">\n\t\t\t<div class=\"elementor-widget-wrap elementor-element-populated\">\n\t\t\t\t\t\t<div class=\"elementor-element elementor-element-5fd50fa elementor-widget elementor-widget-heading\" data-id=\"5fd50fa\" data-element_type=\"widget\" data-e-type=\"widget\" data-widget_type=\"heading.default\">\n\t\t\t\t<div class=\"elementor-widget-container\">\n\t\t\t\t\t<h2 class=\"elementor-heading-title elementor-size-default\">Fractional ownership of Pilatus PC-12<\/h2>\t\t\t\t<\/div>\n\t\t\t\t<\/div>\n\t\t\t\t<div class=\"elementor-element elementor-element-3f423ed elementor-widget elementor-widget-text-editor\" data-id=\"3f423ed\" data-element_type=\"widget\" data-e-type=\"widget\" data-widget_type=\"text-editor.default\">\n\t\t\t\t<div class=\"elementor-widget-container\">\n\t\t\t\t\t\t\t\t\t<p style=\"text-align: center;\">Access one of the most popular business aircraft on the market at a fraction of the price.<\/p>\t\t\t\t\t\t\t\t<\/div>\n\t\t\t\t<\/div>\n\t\t\t\t<div class=\"elementor-element elementor-element-cd24541 elementor-align-center elementor-widget elementor-widget-button\" data-id=\"cd24541\" data-element_type=\"widget\" data-e-type=\"widget\" data-widget_type=\"button.default\">\n\t\t\t\t<div class=\"elementor-widget-container\">\n\t\t\t\t\t\t\t\t\t<div class=\"elementor-button-wrapper\">\n\t\t\t\t\t<a class=\"elementor-button elementor-button-link elementor-size-sm\" href=\"https:\/\/altostratus.ca\/programme-copropriete-pc-12\/#\">\n\t\t\t\t\t\t<span class=\"elementor-button-content-wrapper\">\n\t\t\t\t\t\t\t\t\t<span class=\"elementor-button-text\">Learn more<\/span>\n\t\t\t\t\t<\/span>\n\t\t\t\t\t<\/a>\n\t\t\t\t<\/div>\n\t\t\t\t\t\t\t\t<\/div>\n\t\t\t\t<\/div>\n\t\t\t\t\t<\/div>\n\t\t<\/div>\n\t\t\t\t\t<\/div>\n\t\t<\/section>\n\t\t\t\t<section class=\"elementor-section elementor-top-section elementor-element elementor-element-7c5632d elementor-section-full_width elementor-section-height-min-height elementor-section-content-middle elementor-section-height-default elementor-section-items-middle\" data-id=\"7c5632d\" data-element_type=\"section\" data-e-type=\"section\" data-settings=\"{&quot;background_background&quot;:&quot;classic&quot;,&quot;background_motion_fx_motion_fx_scrolling&quot;:&quot;yes&quot;,&quot;background_motion_fx_devices&quot;:[&quot;desktop&quot;,&quot;tablet&quot;,&quot;mobile&quot;]}\">\n\t\t\t\t\t\t\t<div class=\"elementor-background-overlay\"><\/div>\n\t\t\t\t\t\t\t<div class=\"elementor-container elementor-column-gap-default\">\n\t\t\t\t\t<div class=\"elementor-column elementor-col-100 elementor-top-column elementor-element elementor-element-c4ced89\" data-id=\"c4ced89\" data-element_type=\"column\" data-e-type=\"column\">\n\t\t\t<div class=\"elementor-widget-wrap\">\n\t\t\t\t\t\t\t<\/div>\n\t\t<\/div>\n\t\t\t\t\t<\/div>\n\t\t<\/section>\n\t\t\t\t<section class=\"elementor-section elementor-top-section elementor-element elementor-element-437564f elementor-section-boxed elementor-section-height-default elementor-section-height-default\" data-id=\"437564f\" data-element_type=\"section\" data-e-type=\"section\">\n\t\t\t\t\t\t<div class=\"elementor-container elementor-column-gap-default\">\n\t\t\t\t\t<div class=\"elementor-column elementor-col-100 elementor-top-column elementor-element elementor-element-2b5f3b4\" data-id=\"2b5f3b4\" data-element_type=\"column\" data-e-type=\"column\">\n\t\t\t<div class=\"elementor-widget-wrap elementor-element-populated\">\n\t\t\t\t\t\t<div class=\"elementor-element elementor-element-ea65523 elementor-widget elementor-widget-heading\" data-id=\"ea65523\" data-element_type=\"widget\" data-e-type=\"widget\" data-widget_type=\"heading.default\">\n\t\t\t\t<div class=\"elementor-widget-container\">\n\t\t\t\t\t<h2 class=\"elementor-heading-title elementor-size-default\">Consultative aircraft management, sales and acquistions<\/h2>\t\t\t\t<\/div>\n\t\t\t\t<\/div>\n\t\t\t\t<div class=\"elementor-element elementor-element-ec09bb0 elementor-widget elementor-widget-text-editor\" data-id=\"ec09bb0\" data-element_type=\"widget\" data-e-type=\"widget\" data-widget_type=\"text-editor.default\">\n\t\t\t\t<div class=\"elementor-widget-container\">\n\t\t\t\t\t\t\t\t\t<p style=\"text-align: center;\">Let our team of experts advise you and manage your project and your aircraft for you.<\/p>\t\t\t\t\t\t\t\t<\/div>\n\t\t\t\t<\/div>\n\t\t\t\t<div class=\"elementor-element elementor-element-1ccc97b elementor-align-center elementor-widget elementor-widget-button\" data-id=\"1ccc97b\" data-element_type=\"widget\" data-e-type=\"widget\" data-widget_type=\"button.default\">\n\t\t\t\t<div class=\"elementor-widget-container\">\n\t\t\t\t\t\t\t\t\t<div class=\"elementor-button-wrapper\">\n\t\t\t\t\t<a class=\"elementor-button elementor-button-link elementor-size-sm\" href=\"https:\/\/altostratus.ca\/en\/management-sales-acquisitions\/\">\n\t\t\t\t\t\t<span class=\"elementor-button-content-wrapper\">\n\t\t\t\t\t\t\t\t\t<span class=\"elementor-button-text\">Learn more<\/span>\n\t\t\t\t\t<\/span>\n\t\t\t\t\t<\/a>\n\t\t\t\t<\/div>\n\t\t\t\t\t\t\t\t<\/div>\n\t\t\t\t<\/div>\n\t\t\t\t\t<\/div>\n\t\t<\/div>\n\t\t\t\t\t<\/div>\n\t\t<\/section>\n\t\t\t\t<section class=\"elementor-section elementor-top-section elementor-element elementor-element-29c5e15 elementor-section-full_width elementor-section-height-min-height elementor-section-content-middle elementor-section-height-default elementor-section-items-middle\" data-id=\"29c5e15\" data-element_type=\"section\" data-e-type=\"section\" data-settings=\"{&quot;background_background&quot;:&quot;classic&quot;,&quot;background_motion_fx_motion_fx_scrolling&quot;:&quot;yes&quot;,&quot;background_motion_fx_devices&quot;:[&quot;desktop&quot;,&quot;tablet&quot;,&quot;mobile&quot;]}\">\n\t\t\t\t\t\t\t<div class=\"elementor-background-overlay\"><\/div>\n\t\t\t\t\t\t\t<div class=\"elementor-container elementor-column-gap-default\">\n\t\t\t\t\t<div class=\"elementor-column elementor-col-100 elementor-top-column elementor-element elementor-element-40f5162\" data-id=\"40f5162\" data-element_type=\"column\" data-e-type=\"column\">\n\t\t\t<div class=\"elementor-widget-wrap\">\n\t\t\t\t\t\t\t<\/div>\n\t\t<\/div>\n\t\t\t\t\t<\/div>\n\t\t<\/section>\n\t\t\t\t<\/div>\n\t\t","protected":false},"excerpt":{"rendered":"<p>Our tailor-made business aviation services &#8211; Altostratus Today, companies and individuals with business aviation needs are faced with two options: buy their own aircraft outright, with the attendant problems of managing flight crews, maintenance and aircraft storage, and a high purchase price; or use charter services, whose rates vary according to the market and whose [&hellip;]<\/p>\n","protected":false},"author":1,"featured_media":0,"parent":0,"menu_order":0,"comment_status":"closed","ping_status":"closed","template":"","meta":{"footnotes":""},"class_list":["post-3985","page","type-page","status-publish","hentry"],"yoast_head":"<!-- This site is optimized with the Yoast SEO plugin v26.2 - https:\/\/yoast.com\/wordpress\/plugins\/seo\/ -->\n<title>Our tailor-made business aviation services - Altostratus<\/title>\n<meta name=\"description\" content=\"Altostratus supports you with comprehensive business aviation services: aircraft management, co-ownership, maintenance and operations. A reliable, turnkey approach to business travel.\" \/>\n<meta name=\"robots\" content=\"index, follow, max-snippet:-1, max-image-preview:large, max-video-preview:-1\" \/>\n<link rel=\"canonical\" href=\"https:\/\/altostratus.ca\/en\/our-services-2\/\" \/>\n<meta property=\"og:locale\" content=\"en_US\" \/>\n<meta property=\"og:type\" content=\"article\" \/>\n<meta property=\"og:title\" content=\"Our tailor-made business aviation services - Altostratus\" \/>\n<meta property=\"og:description\" content=\"Altostratus supports you with comprehensive business aviation services: aircraft management, co-ownership, maintenance and operations. A reliable, turnkey approach to business travel.\" \/>\n<meta property=\"og:url\" content=\"https:\/\/altostratus.ca\/en\/our-services-2\/\" \/>\n<meta property=\"og:site_name\" content=\"AltoStrat&#039;Us: Programme de Propri\u00e9t\u00e9 Fractionn\u00e9e Pilatus PC-12\" \/>\n<meta property=\"article:modified_time\" content=\"2025-11-03T17:46:20+00:00\" \/>\n<meta name=\"twitter:card\" content=\"summary_large_image\" \/>\n<meta name=\"twitter:label1\" content=\"Est. reading time\" \/>\n\t<meta name=\"twitter:data1\" content=\"1 minute\" \/>\n<script type=\"application\/ld+json\" class=\"yoast-schema-graph\">{\"@context\":\"https:\/\/schema.org\",\"@graph\":[{\"@type\":\"WebPage\",\"@id\":\"https:\/\/altostratus.ca\/en\/our-services-2\/\",\"url\":\"https:\/\/altostratus.ca\/en\/our-services-2\/\",\"name\":\"Our tailor-made business aviation services - Altostratus\",\"isPartOf\":{\"@id\":\"https:\/\/altostratus.ca\/en\/#website\"},\"datePublished\":\"2023-12-28T00:25:18+00:00\",\"dateModified\":\"2025-11-03T17:46:20+00:00\",\"description\":\"Altostratus supports you with comprehensive business aviation services: aircraft management, co-ownership, maintenance and operations. A reliable, turnkey approach to business travel.\",\"breadcrumb\":{\"@id\":\"https:\/\/altostratus.ca\/en\/our-services-2\/#breadcrumb\"},\"inLanguage\":\"en-US\",\"potentialAction\":[{\"@type\":\"ReadAction\",\"target\":[\"https:\/\/altostratus.ca\/en\/our-services-2\/\"]}]},{\"@type\":\"BreadcrumbList\",\"@id\":\"https:\/\/altostratus.ca\/en\/our-services-2\/#breadcrumb\",\"itemListElement\":[{\"@type\":\"ListItem\",\"position\":1,\"name\":\"Home\",\"item\":\"https:\/\/altostratus.ca\/en\/\"},{\"@type\":\"ListItem\",\"position\":2,\"name\":\"Our services\"}]},{\"@type\":\"WebSite\",\"@id\":\"https:\/\/altostratus.ca\/en\/#website\",\"url\":\"https:\/\/altostratus.ca\/en\/\",\"name\":\"AltoStrat'us: Programme de Propri\u00e9t\u00e9 Fractionn\u00e9e Pilatus PC-12,\",\"description\":\"Programme de Propri\u00e9t\u00e9 Fractionn\u00e9e Pilatus PC-12, Services d&#039;avion d&#039;affaires s\u00fbrs, flexible et fiables.\",\"publisher\":{\"@id\":\"https:\/\/altostratus.ca\/en\/#organization\"},\"potentialAction\":[{\"@type\":\"SearchAction\",\"target\":{\"@type\":\"EntryPoint\",\"urlTemplate\":\"https:\/\/altostratus.ca\/en\/?s={search_term_string}\"},\"query-input\":{\"@type\":\"PropertyValueSpecification\",\"valueRequired\":true,\"valueName\":\"search_term_string\"}}],\"inLanguage\":\"en-US\"},{\"@type\":\"Organization\",\"@id\":\"https:\/\/altostratus.ca\/en\/#organization\",\"name\":\"AltoStrat'us\",\"url\":\"https:\/\/altostratus.ca\/en\/\",\"logo\":{\"@type\":\"ImageObject\",\"inLanguage\":\"en-US\",\"@id\":\"https:\/\/altostratus.ca\/en\/#\/schema\/logo\/image\/\",\"url\":\"https:\/\/altostratus.ca\/wp-content\/uploads\/2023\/07\/hori_altostratus_couleurs.png\",\"contentUrl\":\"https:\/\/altostratus.ca\/wp-content\/uploads\/2023\/07\/hori_altostratus_couleurs.png\",\"width\":1440,\"height\":428,\"caption\":\"AltoStrat'us\"},\"image\":{\"@id\":\"https:\/\/altostratus.ca\/en\/#\/schema\/logo\/image\/\"},\"sameAs\":[\"https:\/\/www.linkedin.com\/company\/altostrat-us\/\"]}]}<\/script>\n<!-- \/ Yoast SEO plugin. -->","yoast_head_json":{"title":"Our tailor-made business aviation services - Altostratus","description":"Altostratus supports you with comprehensive business aviation services: aircraft management, co-ownership, maintenance and operations. A reliable, turnkey approach to business travel.","robots":{"index":"index","follow":"follow","max-snippet":"max-snippet:-1","max-image-preview":"max-image-preview:large","max-video-preview":"max-video-preview:-1"},"canonical":"https:\/\/altostratus.ca\/en\/our-services-2\/","og_locale":"en_US","og_type":"article","og_title":"Our tailor-made business aviation services - Altostratus","og_description":"Altostratus supports you with comprehensive business aviation services: aircraft management, co-ownership, maintenance and operations. A reliable, turnkey approach to business travel.","og_url":"https:\/\/altostratus.ca\/en\/our-services-2\/","og_site_name":"AltoStrat&#039;Us: Programme de Propri\u00e9t\u00e9 Fractionn\u00e9e Pilatus PC-12","article_modified_time":"2025-11-03T17:46:20+00:00","twitter_card":"summary_large_image","twitter_misc":{"Est. reading time":"1 minute"},"schema":{"@context":"https:\/\/schema.org","@graph":[{"@type":"WebPage","@id":"https:\/\/altostratus.ca\/en\/our-services-2\/","url":"https:\/\/altostratus.ca\/en\/our-services-2\/","name":"Our tailor-made business aviation services - Altostratus","isPartOf":{"@id":"https:\/\/altostratus.ca\/en\/#website"},"datePublished":"2023-12-28T00:25:18+00:00","dateModified":"2025-11-03T17:46:20+00:00","description":"Altostratus supports you with comprehensive business aviation services: aircraft management, co-ownership, maintenance and operations. A reliable, turnkey approach to business travel.","breadcrumb":{"@id":"https:\/\/altostratus.ca\/en\/our-services-2\/#breadcrumb"},"inLanguage":"en-US","potentialAction":[{"@type":"ReadAction","target":["https:\/\/altostratus.ca\/en\/our-services-2\/"]}]},{"@type":"BreadcrumbList","@id":"https:\/\/altostratus.ca\/en\/our-services-2\/#breadcrumb","itemListElement":[{"@type":"ListItem","position":1,"name":"Home","item":"https:\/\/altostratus.ca\/en\/"},{"@type":"ListItem","position":2,"name":"Our services"}]},{"@type":"WebSite","@id":"https:\/\/altostratus.ca\/en\/#website","url":"https:\/\/altostratus.ca\/en\/","name":"AltoStrat'us: Programme de Propri\u00e9t\u00e9 Fractionn\u00e9e Pilatus PC-12,","description":"Programme de Propri\u00e9t\u00e9 Fractionn\u00e9e Pilatus PC-12, Services d&#039;avion d&#039;affaires s\u00fbrs, flexible et fiables.","publisher":{"@id":"https:\/\/altostratus.ca\/en\/#organization"},"potentialAction":[{"@type":"SearchAction","target":{"@type":"EntryPoint","urlTemplate":"https:\/\/altostratus.ca\/en\/?s={search_term_string}"},"query-input":{"@type":"PropertyValueSpecification","valueRequired":true,"valueName":"search_term_string"}}],"inLanguage":"en-US"},{"@type":"Organization","@id":"https:\/\/altostratus.ca\/en\/#organization","name":"AltoStrat'us","url":"https:\/\/altostratus.ca\/en\/","logo":{"@type":"ImageObject","inLanguage":"en-US","@id":"https:\/\/altostratus.ca\/en\/#\/schema\/logo\/image\/","url":"https:\/\/altostratus.ca\/wp-content\/uploads\/2023\/07\/hori_altostratus_couleurs.png","contentUrl":"https:\/\/altostratus.ca\/wp-content\/uploads\/2023\/07\/hori_altostratus_couleurs.png","width":1440,"height":428,"caption":"AltoStrat'us"},"image":{"@id":"https:\/\/altostratus.ca\/en\/#\/schema\/logo\/image\/"},"sameAs":["https:\/\/www.linkedin.com\/company\/altostrat-us\/"]}]}},"_links":{"self":[{"href":"https:\/\/altostratus.ca\/en\/wp-json\/wp\/v2\/pages\/3985","targetHints":{"allow":["GET"]}}],"collection":[{"href":"https:\/\/altostratus.ca\/en\/wp-json\/wp\/v2\/pages"}],"about":[{"href":"https:\/\/altostratus.ca\/en\/wp-json\/wp\/v2\/types\/page"}],"author":[{"embeddable":true,"href":"https:\/\/altostratus.ca\/en\/wp-json\/wp\/v2\/users\/1"}],"replies":[{"embeddable":true,"href":"https:\/\/altostratus.ca\/en\/wp-json\/wp\/v2\/comments?post=3985"}],"version-history":[{"count":23,"href":"https:\/\/altostratus.ca\/en\/wp-json\/wp\/v2\/pages\/3985\/revisions"}],"predecessor-version":[{"id":6290,"href":"https:\/\/altostratus.ca\/en\/wp-json\/wp\/v2\/pages\/3985\/revisions\/6290"}],"wp:attachment":[{"href":"https:\/\/altostratus.ca\/en\/wp-json\/wp\/v2\/media?parent=3985"}],"curies":[{"name":"wp","href":"https:\/\/api.w.org\/{rel}","templated":true}]}}