{"id":4496,"date":"2024-05-30T19:31:13","date_gmt":"2024-05-30T19:31:13","guid":{"rendered":"https:\/\/altostratus.ca\/career\/"},"modified":"2025-11-03T17:46:30","modified_gmt":"2025-11-03T17:46:30","slug":"career","status":"publish","type":"page","link":"https:\/\/altostratus.ca\/en\/career\/","title":{"rendered":"Careers"},"content":{"rendered":"\t\t<div data-elementor-type=\"wp-page\" data-elementor-id=\"4496\" class=\"elementor elementor-4496 elementor-4466\" data-elementor-post-type=\"page\">\n\t\t\t\t\t\t<section class=\"elementor-section elementor-top-section elementor-element elementor-element-2621499 elementor-section-height-min-height elementor-section-full_width elementor-section-items-top elementor-section-height-default\" data-id=\"2621499\" data-element_type=\"section\" data-e-type=\"section\" data-settings=\"{&quot;background_background&quot;:&quot;classic&quot;,&quot;background_motion_fx_motion_fx_scrolling&quot;:&quot;yes&quot;,&quot;background_motion_fx_translateY_effect&quot;:&quot;yes&quot;,&quot;background_motion_fx_translateY_speed&quot;:{&quot;unit&quot;:&quot;px&quot;,&quot;size&quot;:4,&quot;sizes&quot;:[]},&quot;background_motion_fx_translateY_affectedRange&quot;:{&quot;unit&quot;:&quot;%&quot;,&quot;size&quot;:&quot;&quot;,&quot;sizes&quot;:{&quot;start&quot;:0,&quot;end&quot;:100}},&quot;background_motion_fx_devices&quot;:[&quot;desktop&quot;,&quot;tablet&quot;,&quot;mobile&quot;]}\">\n\t\t\t\t\t\t<div class=\"elementor-container elementor-column-gap-default\">\n\t\t\t\t\t<div class=\"elementor-column elementor-col-100 elementor-top-column elementor-element elementor-element-0f4ba8d\" data-id=\"0f4ba8d\" data-element_type=\"column\" data-e-type=\"column\">\n\t\t\t<div class=\"elementor-widget-wrap elementor-element-populated\">\n\t\t\t\t\t\t<div class=\"elementor-element elementor-element-65ccca1 elementor-widget elementor-widget-spacer\" data-id=\"65ccca1\" data-element_type=\"widget\" data-e-type=\"widget\" data-widget_type=\"spacer.default\">\n\t\t\t\t<div class=\"elementor-widget-container\">\n\t\t\t\t\t\t\t<div class=\"elementor-spacer\">\n\t\t\t<div class=\"elementor-spacer-inner\"><\/div>\n\t\t<\/div>\n\t\t\t\t\t\t<\/div>\n\t\t\t\t<\/div>\n\t\t\t\t\t<\/div>\n\t\t<\/div>\n\t\t\t\t\t<\/div>\n\t\t<\/section>\n\t\t\t\t<section class=\"elementor-section elementor-top-section elementor-element elementor-element-b51941a elementor-section-boxed elementor-section-height-default elementor-section-height-default\" data-id=\"b51941a\" data-element_type=\"section\" data-e-type=\"section\">\n\t\t\t\t\t\t<div class=\"elementor-container elementor-column-gap-default\">\n\t\t\t\t\t<div class=\"elementor-column elementor-col-33 elementor-top-column elementor-element elementor-element-fa72f76\" data-id=\"fa72f76\" data-element_type=\"column\" data-e-type=\"column\">\n\t\t\t<div class=\"elementor-widget-wrap elementor-element-populated\">\n\t\t\t\t\t\t<div class=\"elementor-element elementor-element-124346b elementor-widget elementor-widget-text-editor\" data-id=\"124346b\" data-element_type=\"widget\" data-e-type=\"widget\" data-widget_type=\"text-editor.default\">\n\t\t\t\t<div class=\"elementor-widget-container\">\n\t\t\t\t\t\t\t\t\t<h2>Join our team<\/h2>\t\t\t\t\t\t\t\t<\/div>\n\t\t\t\t<\/div>\n\t\t\t\t\t<\/div>\n\t\t<\/div>\n\t\t\t\t<div class=\"elementor-column elementor-col-66 elementor-top-column elementor-element elementor-element-96fcaf4\" data-id=\"96fcaf4\" data-element_type=\"column\" data-e-type=\"column\">\n\t\t\t<div class=\"elementor-widget-wrap elementor-element-populated\">\n\t\t\t\t\t\t<div class=\"elementor-element elementor-element-f29b88f elementor-widget elementor-widget-text-editor\" data-id=\"f29b88f\" data-element_type=\"widget\" data-e-type=\"widget\" data-widget_type=\"text-editor.default\">\n\t\t\t\t<div class=\"elementor-widget-container\">\n\t\t\t\t\t\t\t\t\t<p>We aspire to be leaders in fractional ownership of business aircraft by recruiting exceptional talent. <\/p><p>At Altostratus, we value every employee and cultivate an inspiring and stimulating work environment. Our industry is constantly evolving, offering endless opportunities and exciting challenges.<\/p><p>Join Altostratus and become part of a dynamic and passionate team, ready to take on new challenges every day.<\/p>\t\t\t\t\t\t\t\t<\/div>\n\t\t\t\t<\/div>\n\t\t\t\t\t<\/div>\n\t\t<\/div>\n\t\t\t\t\t<\/div>\n\t\t<\/section>\n\t\t\t\t<section class=\"elementor-section elementor-top-section elementor-element elementor-element-8ebd25f elementor-section-boxed elementor-section-height-default elementor-section-height-default\" data-id=\"8ebd25f\" data-element_type=\"section\" data-e-type=\"section\">\n\t\t\t\t\t\t<div class=\"elementor-container elementor-column-gap-default\">\n\t\t\t\t\t<div class=\"elementor-column elementor-col-100 elementor-top-column elementor-element elementor-element-deccda5\" data-id=\"deccda5\" data-element_type=\"column\" data-e-type=\"column\">\n\t\t\t<div class=\"elementor-widget-wrap elementor-element-populated\">\n\t\t\t\t\t\t<div class=\"elementor-element elementor-element-25f8304 elementor-widget elementor-widget-text-editor\" data-id=\"25f8304\" data-element_type=\"widget\" data-e-type=\"widget\" data-widget_type=\"text-editor.default\">\n\t\t\t\t<div class=\"elementor-widget-container\">\n\t\t\t\t\t\t\t\t\t<h2>Submit an application :<\/h2>\t\t\t\t\t\t\t\t<\/div>\n\t\t\t\t<\/div>\n\t\t\t\t<div class=\"elementor-element elementor-element-3220602 elementor-button-align-stretch elementor-widget elementor-widget-form\" data-id=\"3220602\" data-element_type=\"widget\" data-e-type=\"widget\" data-settings=\"{&quot;step_next_label&quot;:&quot;Next&quot;,&quot;step_previous_label&quot;:&quot;Previous&quot;,&quot;button_width&quot;:&quot;100&quot;,&quot;step_type&quot;:&quot;number_text&quot;,&quot;step_icon_shape&quot;:&quot;circle&quot;}\" data-widget_type=\"form.default\">\n\t\t\t\t<div class=\"elementor-widget-container\">\n\t\t\t\t\t\t\t<form class=\"elementor-form\" method=\"post\" name=\"New Form\" aria-label=\"New Form\">\n\t\t\t<input type=\"hidden\" name=\"post_id\" value=\"4496\"\/>\n\t\t\t<input type=\"hidden\" name=\"form_id\" value=\"3220602\"\/>\n\t\t\t<input type=\"hidden\" name=\"referer_title\" value=\"AltoStrat&#039;Us: Programme de Propri\u00e9t\u00e9 Fractionn\u00e9e Pilatus PC-12\" \/>\n\n\t\t\t\n\t\t\t<div class=\"elementor-form-fields-wrapper elementor-labels-above\">\n\t\t\t\t\t\t\t\t<div class=\"elementor-field-type-text elementor-field-group elementor-column elementor-field-group-name elementor-col-100\">\n\t\t\t\t\t\t\t\t\t\t\t\t<label for=\"form-field-name\" class=\"elementor-field-label\">\n\t\t\t\t\t\t\t\tName\t\t\t\t\t\t\t<\/label>\n\t\t\t\t\t\t\t\t\t\t\t\t\t\t<input size=\"1\" type=\"text\" name=\"form_fields[name]\" id=\"form-field-name\" class=\"elementor-field elementor-size-sm  elementor-field-textual\" placeholder=\"Name\">\n\t\t\t\t\t\t\t\t\t\t\t<\/div>\n\t\t\t\t\t\t\t\t<div class=\"elementor-field-type-email elementor-field-group elementor-column elementor-field-group-email elementor-col-100 elementor-field-required\">\n\t\t\t\t\t\t\t\t\t\t\t\t<label for=\"form-field-email\" class=\"elementor-field-label\">\n\t\t\t\t\t\t\t\tE-mail\t\t\t\t\t\t\t<\/label>\n\t\t\t\t\t\t\t\t\t\t\t\t\t\t<input size=\"1\" type=\"email\" name=\"form_fields[email]\" id=\"form-field-email\" class=\"elementor-field elementor-size-sm  elementor-field-textual\" placeholder=\"E-mail\" required=\"required\">\n\t\t\t\t\t\t\t\t\t\t\t<\/div>\n\t\t\t\t\t\t\t\t<div class=\"elementor-field-type-tel elementor-field-group elementor-column elementor-field-group-field_d721563 elementor-col-100\">\n\t\t\t\t\t\t\t\t\t\t\t\t<label for=\"form-field-field_d721563\" class=\"elementor-field-label\">\n\t\t\t\t\t\t\t\tPhone\t\t\t\t\t\t\t<\/label>\n\t\t\t\t\t\t\t\t<input size=\"1\" type=\"tel\" name=\"form_fields[field_d721563]\" id=\"form-field-field_d721563\" class=\"elementor-field elementor-size-sm  elementor-field-textual\" placeholder=\"Phone\" pattern=\"[0-9()#&amp;+*-=.]+\" title=\"Only numbers and phone characters (#, -, *, etc) are accepted.\">\n\n\t\t\t\t\t\t<\/div>\n\t\t\t\t\t\t\t\t<div class=\"elementor-field-type-textarea elementor-field-group elementor-column elementor-field-group-message elementor-col-100\">\n\t\t\t\t\t\t\t\t\t\t\t\t<label for=\"form-field-message\" class=\"elementor-field-label\">\n\t\t\t\t\t\t\t\tMessage\t\t\t\t\t\t\t<\/label>\n\t\t\t\t\t\t<textarea class=\"elementor-field-textual elementor-field  elementor-size-sm\" name=\"form_fields[message]\" id=\"form-field-message\" rows=\"4\" placeholder=\"Message\"><\/textarea>\t\t\t\t<\/div>\n\t\t\t\t\t\t\t\t<div class=\"elementor-field-type-upload elementor-field-group elementor-column elementor-field-group-field_639d285 elementor-col-100\">\n\t\t\t\t\t\t\t\t\t\t\t\t<label for=\"form-field-field_639d285\" class=\"elementor-field-label\">\n\t\t\t\t\t\t\t\tUpload your CV\t\t\t\t\t\t\t<\/label>\n\t\t\t\t\t\t\t\t<input type=\"file\" name=\"form_fields[field_639d285][]\" id=\"form-field-field_639d285\" class=\"elementor-field elementor-size-sm  elementor-upload-field\" multiple=\"multiple\" data-maxsize=\"25\" data-maxsize-message=\"This file exceeds the maximum allowed size.\">\n\n\t\t\t\t\t\t<\/div>\n\t\t\t\t\t\t\t\t<div class=\"elementor-field-group elementor-column elementor-field-type-submit elementor-col-100 e-form__buttons\">\n\t\t\t\t\t<button class=\"elementor-button elementor-size-sm\" type=\"submit\">\n\t\t\t\t\t\t<span class=\"elementor-button-content-wrapper\">\n\t\t\t\t\t\t\t\t\t\t\t\t\t\t\t\t\t\t\t\t\t\t<span class=\"elementor-button-text\">Send<\/span>\n\t\t\t\t\t\t\t\t\t\t\t\t\t<\/span>\n\t\t\t\t\t<\/button>\n\t\t\t\t<\/div>\n\t\t\t<\/div>\n\t\t<\/form>\n\t\t\t\t\t\t<\/div>\n\t\t\t\t<\/div>\n\t\t\t\t\t<\/div>\n\t\t<\/div>\n\t\t\t\t\t<\/div>\n\t\t<\/section>\n\t\t\t\t<\/div>\n\t\t","protected":false},"excerpt":{"rendered":"<p>Join our team We aspire to be leaders in fractional ownership of business aircraft by recruiting exceptional talent. At Altostratus, we value every employee and cultivate an inspiring and stimulating work environment. Our industry is constantly evolving, offering endless opportunities and exciting challenges. Join Altostratus and become part of a dynamic and passionate team, ready [&hellip;]<\/p>\n","protected":false},"author":1,"featured_media":0,"parent":0,"menu_order":0,"comment_status":"closed","ping_status":"closed","template":"","meta":{"footnotes":""},"class_list":["post-4496","page","type-page","status-publish","hentry"],"yoast_head":"<!-- This site is optimized with the Yoast SEO plugin v26.2 - https:\/\/yoast.com\/wordpress\/plugins\/seo\/ -->\n<title>Careers - AltoStrat&#039;Us: Programme de Propri\u00e9t\u00e9 Fractionn\u00e9e Pilatus PC-12<\/title>\n<meta name=\"robots\" content=\"index, follow, max-snippet:-1, max-image-preview:large, max-video-preview:-1\" \/>\n<link rel=\"canonical\" href=\"https:\/\/altostratus.ca\/en\/career\/\" \/>\n<meta property=\"og:locale\" content=\"en_US\" \/>\n<meta property=\"og:type\" content=\"article\" \/>\n<meta property=\"og:title\" content=\"Careers - AltoStrat&#039;Us: Programme de Propri\u00e9t\u00e9 Fractionn\u00e9e Pilatus PC-12\" \/>\n<meta property=\"og:description\" content=\"Join our team We aspire to be leaders in fractional ownership of business aircraft by recruiting exceptional talent. At Altostratus, we value every employee and cultivate an inspiring and stimulating work environment. Our industry is constantly evolving, offering endless opportunities and exciting challenges. Join Altostratus and become part of a dynamic and passionate team, ready [&hellip;]\" \/>\n<meta property=\"og:url\" content=\"https:\/\/altostratus.ca\/en\/career\/\" \/>\n<meta property=\"og:site_name\" content=\"AltoStrat&#039;Us: Programme de Propri\u00e9t\u00e9 Fractionn\u00e9e Pilatus PC-12\" \/>\n<meta property=\"article:modified_time\" content=\"2025-11-03T17:46:30+00:00\" \/>\n<meta name=\"twitter:card\" content=\"summary_large_image\" \/>\n<meta name=\"twitter:label1\" content=\"Est. reading time\" \/>\n\t<meta name=\"twitter:data1\" content=\"1 minute\" \/>\n<script type=\"application\/ld+json\" class=\"yoast-schema-graph\">{\"@context\":\"https:\/\/schema.org\",\"@graph\":[{\"@type\":\"WebPage\",\"@id\":\"https:\/\/altostratus.ca\/en\/career\/\",\"url\":\"https:\/\/altostratus.ca\/en\/career\/\",\"name\":\"Careers - AltoStrat&#039;Us: Programme de Propri\u00e9t\u00e9 Fractionn\u00e9e Pilatus PC-12\",\"isPartOf\":{\"@id\":\"https:\/\/altostratus.ca\/en\/#website\"},\"datePublished\":\"2024-05-30T19:31:13+00:00\",\"dateModified\":\"2025-11-03T17:46:30+00:00\",\"breadcrumb\":{\"@id\":\"https:\/\/altostratus.ca\/en\/career\/#breadcrumb\"},\"inLanguage\":\"en-US\",\"potentialAction\":[{\"@type\":\"ReadAction\",\"target\":[\"https:\/\/altostratus.ca\/en\/career\/\"]}]},{\"@type\":\"BreadcrumbList\",\"@id\":\"https:\/\/altostratus.ca\/en\/career\/#breadcrumb\",\"itemListElement\":[{\"@type\":\"ListItem\",\"position\":1,\"name\":\"Home\",\"item\":\"https:\/\/altostratus.ca\/en\/\"},{\"@type\":\"ListItem\",\"position\":2,\"name\":\"Careers\"}]},{\"@type\":\"WebSite\",\"@id\":\"https:\/\/altostratus.ca\/en\/#website\",\"url\":\"https:\/\/altostratus.ca\/en\/\",\"name\":\"AltoStrat'us: Programme de Propri\u00e9t\u00e9 Fractionn\u00e9e Pilatus PC-12,\",\"description\":\"Programme de Propri\u00e9t\u00e9 Fractionn\u00e9e Pilatus PC-12, Services d&#039;avion d&#039;affaires s\u00fbrs, flexible et fiables.\",\"publisher\":{\"@id\":\"https:\/\/altostratus.ca\/en\/#organization\"},\"potentialAction\":[{\"@type\":\"SearchAction\",\"target\":{\"@type\":\"EntryPoint\",\"urlTemplate\":\"https:\/\/altostratus.ca\/en\/?s={search_term_string}\"},\"query-input\":{\"@type\":\"PropertyValueSpecification\",\"valueRequired\":true,\"valueName\":\"search_term_string\"}}],\"inLanguage\":\"en-US\"},{\"@type\":\"Organization\",\"@id\":\"https:\/\/altostratus.ca\/en\/#organization\",\"name\":\"AltoStrat'us\",\"url\":\"https:\/\/altostratus.ca\/en\/\",\"logo\":{\"@type\":\"ImageObject\",\"inLanguage\":\"en-US\",\"@id\":\"https:\/\/altostratus.ca\/en\/#\/schema\/logo\/image\/\",\"url\":\"https:\/\/altostratus.ca\/wp-content\/uploads\/2023\/07\/hori_altostratus_couleurs.png\",\"contentUrl\":\"https:\/\/altostratus.ca\/wp-content\/uploads\/2023\/07\/hori_altostratus_couleurs.png\",\"width\":1440,\"height\":428,\"caption\":\"AltoStrat'us\"},\"image\":{\"@id\":\"https:\/\/altostratus.ca\/en\/#\/schema\/logo\/image\/\"},\"sameAs\":[\"https:\/\/www.linkedin.com\/company\/altostrat-us\/\"]}]}<\/script>\n<!-- \/ Yoast SEO plugin. -->","yoast_head_json":{"title":"Careers - AltoStrat&#039;Us: Programme de Propri\u00e9t\u00e9 Fractionn\u00e9e Pilatus PC-12","robots":{"index":"index","follow":"follow","max-snippet":"max-snippet:-1","max-image-preview":"max-image-preview:large","max-video-preview":"max-video-preview:-1"},"canonical":"https:\/\/altostratus.ca\/en\/career\/","og_locale":"en_US","og_type":"article","og_title":"Careers - AltoStrat&#039;Us: Programme de Propri\u00e9t\u00e9 Fractionn\u00e9e Pilatus PC-12","og_description":"Join our team We aspire to be leaders in fractional ownership of business aircraft by recruiting exceptional talent. At Altostratus, we value every employee and cultivate an inspiring and stimulating work environment. Our industry is constantly evolving, offering endless opportunities and exciting challenges. Join Altostratus and become part of a dynamic and passionate team, ready [&hellip;]","og_url":"https:\/\/altostratus.ca\/en\/career\/","og_site_name":"AltoStrat&#039;Us: Programme de Propri\u00e9t\u00e9 Fractionn\u00e9e Pilatus PC-12","article_modified_time":"2025-11-03T17:46:30+00:00","twitter_card":"summary_large_image","twitter_misc":{"Est. reading time":"1 minute"},"schema":{"@context":"https:\/\/schema.org","@graph":[{"@type":"WebPage","@id":"https:\/\/altostratus.ca\/en\/career\/","url":"https:\/\/altostratus.ca\/en\/career\/","name":"Careers - AltoStrat&#039;Us: Programme de Propri\u00e9t\u00e9 Fractionn\u00e9e Pilatus PC-12","isPartOf":{"@id":"https:\/\/altostratus.ca\/en\/#website"},"datePublished":"2024-05-30T19:31:13+00:00","dateModified":"2025-11-03T17:46:30+00:00","breadcrumb":{"@id":"https:\/\/altostratus.ca\/en\/career\/#breadcrumb"},"inLanguage":"en-US","potentialAction":[{"@type":"ReadAction","target":["https:\/\/altostratus.ca\/en\/career\/"]}]},{"@type":"BreadcrumbList","@id":"https:\/\/altostratus.ca\/en\/career\/#breadcrumb","itemListElement":[{"@type":"ListItem","position":1,"name":"Home","item":"https:\/\/altostratus.ca\/en\/"},{"@type":"ListItem","position":2,"name":"Careers"}]},{"@type":"WebSite","@id":"https:\/\/altostratus.ca\/en\/#website","url":"https:\/\/altostratus.ca\/en\/","name":"AltoStrat'us: Programme de Propri\u00e9t\u00e9 Fractionn\u00e9e Pilatus PC-12,","description":"Programme de Propri\u00e9t\u00e9 Fractionn\u00e9e Pilatus PC-12, Services d&#039;avion d&#039;affaires s\u00fbrs, flexible et fiables.","publisher":{"@id":"https:\/\/altostratus.ca\/en\/#organization"},"potentialAction":[{"@type":"SearchAction","target":{"@type":"EntryPoint","urlTemplate":"https:\/\/altostratus.ca\/en\/?s={search_term_string}"},"query-input":{"@type":"PropertyValueSpecification","valueRequired":true,"valueName":"search_term_string"}}],"inLanguage":"en-US"},{"@type":"Organization","@id":"https:\/\/altostratus.ca\/en\/#organization","name":"AltoStrat'us","url":"https:\/\/altostratus.ca\/en\/","logo":{"@type":"ImageObject","inLanguage":"en-US","@id":"https:\/\/altostratus.ca\/en\/#\/schema\/logo\/image\/","url":"https:\/\/altostratus.ca\/wp-content\/uploads\/2023\/07\/hori_altostratus_couleurs.png","contentUrl":"https:\/\/altostratus.ca\/wp-content\/uploads\/2023\/07\/hori_altostratus_couleurs.png","width":1440,"height":428,"caption":"AltoStrat'us"},"image":{"@id":"https:\/\/altostratus.ca\/en\/#\/schema\/logo\/image\/"},"sameAs":["https:\/\/www.linkedin.com\/company\/altostrat-us\/"]}]}},"_links":{"self":[{"href":"https:\/\/altostratus.ca\/en\/wp-json\/wp\/v2\/pages\/4496","targetHints":{"allow":["GET"]}}],"collection":[{"href":"https:\/\/altostratus.ca\/en\/wp-json\/wp\/v2\/pages"}],"about":[{"href":"https:\/\/altostratus.ca\/en\/wp-json\/wp\/v2\/types\/page"}],"author":[{"embeddable":true,"href":"https:\/\/altostratus.ca\/en\/wp-json\/wp\/v2\/users\/1"}],"replies":[{"embeddable":true,"href":"https:\/\/altostratus.ca\/en\/wp-json\/wp\/v2\/comments?post=4496"}],"version-history":[{"count":25,"href":"https:\/\/altostratus.ca\/en\/wp-json\/wp\/v2\/pages\/4496\/revisions"}],"predecessor-version":[{"id":6123,"href":"https:\/\/altostratus.ca\/en\/wp-json\/wp\/v2\/pages\/4496\/revisions\/6123"}],"wp:attachment":[{"href":"https:\/\/altostratus.ca\/en\/wp-json\/wp\/v2\/media?parent=4496"}],"curies":[{"name":"wp","href":"https:\/\/api.w.org\/{rel}","templated":true}]}}